{"id":1792,"date":"2023-11-21T12:46:42","date_gmt":"2023-11-21T12:46:42","guid":{"rendered":"https:\/\/lundaman.se\/?page_id=1792"},"modified":"2024-08-09T09:31:36","modified_gmt":"2024-08-09T09:31:36","slug":"gps-sparning","status":"publish","type":"page","link":"https:\/\/lundaman.se\/no\/gps-sparning\/","title":{"rendered":"GPS-sporing"},"content":{"rendered":"<div data-elementor-type=\"wp-page\" data-elementor-id=\"1792\" class=\"elementor elementor-1792\" data-elementor-post-type=\"page\">\n\t\t\t\t\t\t<section class=\"elementor-section elementor-top-section elementor-element elementor-element-6f1d18d elementor-section-height-min-height elementor-section-boxed elementor-section-height-default elementor-section-items-middle\" data-id=\"6f1d18d\" data-element_type=\"section\" data-e-type=\"section\" data-settings=\"{&quot;background_background&quot;:&quot;classic&quot;}\">\n\t\t\t\t\t\t\t<div class=\"elementor-background-overlay\"><\/div>\n\t\t\t\t\t\t\t<div class=\"elementor-container elementor-column-gap-default\">\n\t\t\t\t\t<div class=\"elementor-column elementor-col-100 elementor-top-column elementor-element elementor-element-5bf3d46\" data-id=\"5bf3d46\" data-element_type=\"column\" data-e-type=\"column\">\n\t\t\t<div class=\"elementor-widget-wrap elementor-element-populated\">\n\t\t\t\t\t\t<div class=\"elementor-element elementor-element-7e64449 elementor-widget elementor-widget-heading\" data-id=\"7e64449\" data-element_type=\"widget\" data-e-type=\"widget\" data-widget_type=\"heading.default\">\n\t\t\t\t<div class=\"elementor-widget-container\">\n\t\t\t\t\t<h1 class=\"elementor-heading-title elementor-size-default\">GPS-sporing for hjullastervekten<\/h1>\t\t\t\t<\/div>\n\t\t\t\t<\/div>\n\t\t\t\t\t<\/div>\n\t\t<\/div>\n\t\t\t\t\t<\/div>\n\t\t<\/section>\n\t\t\t\t<section class=\"elementor-section elementor-top-section elementor-element elementor-element-d4ce77d elementor-section-boxed elementor-section-height-default elementor-section-height-default\" data-id=\"d4ce77d\" data-element_type=\"section\" data-e-type=\"section\" data-settings=\"{&quot;background_background&quot;:&quot;classic&quot;}\">\n\t\t\t\t\t\t<div class=\"elementor-container elementor-column-gap-default\">\n\t\t\t\t\t<div class=\"elementor-column elementor-col-50 elementor-top-column elementor-element elementor-element-a0d6546\" data-id=\"a0d6546\" data-element_type=\"column\" data-e-type=\"column\">\n\t\t\t<div class=\"elementor-widget-wrap elementor-element-populated\">\n\t\t\t\t\t\t<div class=\"elementor-element elementor-element-163930c elementor-widget elementor-widget-text-editor\" data-id=\"163930c\" data-element_type=\"widget\" data-e-type=\"widget\" data-widget_type=\"text-editor.default\">\n\t\t\t\t<div class=\"elementor-widget-container\">\n\t\t\t\t\t\t\t\t\t<h2>Spor spesifikk lasting<\/h2><p>Gjennom GPS-sporing kan du enkelt spore en bestemt last fra kontoret. N\u00e5r operat\u00f8ren utf\u00f8rer et l\u00f8ft, logges lokasjonsinformasjon og sendes automatisk til Lundaserver. Lastingen f\u00e5r du gjennom et satellittbilde hvor du ser i hvilken sone hvert l\u00f8ft er registrert.<\/p><p>Uansett om du har lastebilsj\u00e5f\u00f8rer som henter selv eller din egen maskinist, f\u00e5r du n\u00e5 kontroll p\u00e5 hva som er kj\u00f8rt ut av arbeidsplassen.<\/p><p>Nu f\u00e5r ni tryggheten att alltid kunna g\u00e5 tillbaka och s\u00e4kerst\u00e4lla att allt g\u00e5tt r\u00e4tt till. GPS-sp\u00e5rning passar v\u00e4ldigt bra tillsammans med funktionen\u00a0<a href=\"https:\/\/lundaman.se\/no\/startsparr\/\" target=\"_blank\" rel=\"noopener\">Startsperre\u00a0<\/a>f\u00f6r dig som \u00f6nskar total kontroll \u00f6ver b\u00e5de maskin och material.<\/p>\t\t\t\t\t\t\t\t<\/div>\n\t\t\t\t<\/div>\n\t\t\t\t<div class=\"elementor-element elementor-element-a542d02 elementor-align-left elementor-mobile-align-center elementor-widget elementor-widget-button\" data-id=\"a542d02\" data-element_type=\"widget\" data-e-type=\"widget\" data-widget_type=\"button.default\">\n\t\t\t\t<div class=\"elementor-widget-container\">\n\t\t\t\t\t\t\t\t\t<div class=\"elementor-button-wrapper\">\n\t\t\t\t\t<a class=\"elementor-button elementor-button-link elementor-size-sm\" href=\"\/no\/kontakt\/\">\n\t\t\t\t\t\t<span class=\"elementor-button-content-wrapper\">\n\t\t\t\t\t\t\t\t\t<span class=\"elementor-button-text\">Kontakt oss<\/span>\n\t\t\t\t\t<\/span>\n\t\t\t\t\t<\/a>\n\t\t\t\t<\/div>\n\t\t\t\t\t\t\t\t<\/div>\n\t\t\t\t<\/div>\n\t\t\t\t\t<\/div>\n\t\t<\/div>\n\t\t\t\t<div class=\"elementor-column elementor-col-50 elementor-top-column elementor-element elementor-element-af43383\" data-id=\"af43383\" data-element_type=\"column\" data-e-type=\"column\">\n\t\t\t<div class=\"elementor-widget-wrap elementor-element-populated\">\n\t\t\t\t\t\t<div class=\"elementor-element elementor-element-cc5ba98 elementor-widget elementor-widget-image\" data-id=\"cc5ba98\" data-element_type=\"widget\" data-e-type=\"widget\" data-widget_type=\"image.default\">\n\t\t\t\t<div class=\"elementor-widget-container\">\n\t\t\t\t\t\t\t\t\t\t\t\t\t\t\t<img decoding=\"async\" width=\"510\" height=\"465\" src=\"https:\/\/lundaman.se\/wp-content\/uploads\/2023\/11\/GPS-Sparning-bild-002.png\" class=\"attachment-large size-large wp-image-1900\" alt=\"GPS Sparning bild 002\" srcset=\"https:\/\/lundaman.se\/wp-content\/uploads\/2023\/11\/GPS-Sparning-bild-002.png 510w, https:\/\/lundaman.se\/wp-content\/uploads\/2023\/11\/GPS-Sparning-bild-002-300x274.png 300w\" sizes=\"(max-width: 510px) 100vw, 510px\" title=\"\">\t\t\t\t\t\t\t\t\t\t\t\t\t\t\t<\/div>\n\t\t\t\t<\/div>\n\t\t\t\t\t<\/div>\n\t\t<\/div>\n\t\t\t\t\t<\/div>\n\t\t<\/section>\n\t\t\t\t<\/div>","protected":false},"excerpt":{"rendered":"<p>GPS Sp\u00e5rning f\u00f6r hjullastarv\u00e5gen Sp\u00e5ra specifik lastning Genom GPS\u2013sp\u00e5rning kan ni enkelt sp\u00e5ra en specifik lastning ifr\u00e5n kontoret. N\u00e4r maskinisten utf\u00f6r ett lyft s\u00e5 loggas platsinformation som automatiskt skickas till Lundaserver. Lastningen f\u00e5r ni upp genom satellitbild d\u00e4r ni ser i vilken zon varje lyft \u00e4r registrerat. Oavsett om ni har lastbilsf\u00f6rare som h\u00e4mtar sj\u00e4lva [&hellip;]<\/p>\n","protected":false},"author":2,"featured_media":0,"parent":0,"menu_order":0,"comment_status":"closed","ping_status":"closed","template":"","meta":{"site-sidebar-layout":"no-sidebar","site-content-layout":"page-builder","ast-site-content-layout":"full-width-container","site-content-style":"default","site-sidebar-style":"default","ast-global-header-display":"","ast-banner-title-visibility":"","ast-main-header-display":"","ast-hfb-above-header-display":"","ast-hfb-below-header-display":"","ast-hfb-mobile-header-display":"","site-post-title":"disabled","ast-breadcrumbs-content":"","ast-featured-img":"disabled","footer-sml-layout":"","theme-transparent-header-meta":"","adv-header-id-meta":"","stick-header-meta":"","header-above-stick-meta":"","header-main-stick-meta":"","header-below-stick-meta":"","astra-migrate-meta-layouts":"set","ast-page-background-enabled":"default","ast-page-background-meta":{"desktop":{"background-color":"var(--ast-global-color-4)","background-image":"","background-repeat":"repeat","background-position":"center center","background-size":"auto","background-attachment":"scroll","background-type":"","background-media":"","overlay-type":"","overlay-color":"","overlay-opacity":"","overlay-gradient":""},"tablet":{"background-color":"","background-image":"","background-repeat":"repeat","background-position":"center center","background-size":"auto","background-attachment":"scroll","background-type":"","background-media":"","overlay-type":"","overlay-color":"","overlay-opacity":"","overlay-gradient":""},"mobile":{"background-color":"","background-image":"","background-repeat":"repeat","background-position":"center center","background-size":"auto","background-attachment":"scroll","background-type":"","background-media":"","overlay-type":"","overlay-color":"","overlay-opacity":"","overlay-gradient":""}},"ast-content-background-meta":{"desktop":{"background-color":"var(--ast-global-color-5)","background-image":"","background-repeat":"repeat","background-position":"center center","background-size":"auto","background-attachment":"scroll","background-type":"","background-media":"","overlay-type":"","overlay-color":"","overlay-opacity":"","overlay-gradient":""},"tablet":{"background-color":"var(--ast-global-color-5)","background-image":"","background-repeat":"repeat","background-position":"center center","background-size":"auto","background-attachment":"scroll","background-type":"","background-media":"","overlay-type":"","overlay-color":"","overlay-opacity":"","overlay-gradient":""},"mobile":{"background-color":"var(--ast-global-color-5)","background-image":"","background-repeat":"repeat","background-position":"center center","background-size":"auto","background-attachment":"scroll","background-type":"","background-media":"","overlay-type":"","overlay-color":"","overlay-opacity":"","overlay-gradient":""}},"footnotes":""},"class_list":["post-1792","page","type-page","status-publish","hentry"],"_links":{"self":[{"href":"https:\/\/lundaman.se\/no\/wp-json\/wp\/v2\/pages\/1792","targetHints":{"allow":["GET"]}}],"collection":[{"href":"https:\/\/lundaman.se\/no\/wp-json\/wp\/v2\/pages"}],"about":[{"href":"https:\/\/lundaman.se\/no\/wp-json\/wp\/v2\/types\/page"}],"author":[{"embeddable":true,"href":"https:\/\/lundaman.se\/no\/wp-json\/wp\/v2\/users\/2"}],"replies":[{"embeddable":true,"href":"https:\/\/lundaman.se\/no\/wp-json\/wp\/v2\/comments?post=1792"}],"version-history":[{"count":37,"href":"https:\/\/lundaman.se\/no\/wp-json\/wp\/v2\/pages\/1792\/revisions"}],"predecessor-version":[{"id":3140,"href":"https:\/\/lundaman.se\/no\/wp-json\/wp\/v2\/pages\/1792\/revisions\/3140"}],"wp:attachment":[{"href":"https:\/\/lundaman.se\/no\/wp-json\/wp\/v2\/media?parent=1792"}],"curies":[{"name":"wp","href":"https:\/\/api.w.org\/{rel}","templated":true}]}}