{"id":1726,"date":"2023-11-21T10:48:33","date_gmt":"2023-11-21T10:48:33","guid":{"rendered":"https:\/\/lundaman.se\/?page_id=1726"},"modified":"2024-11-13T13:26:13","modified_gmt":"2024-11-13T13:26:13","slug":"finansiering","status":"publish","type":"page","link":"https:\/\/lundaman.se\/no\/finansiering\/","title":{"rendered":"Finansiering"},"content":{"rendered":"<div data-elementor-type=\"wp-page\" data-elementor-id=\"1726\" class=\"elementor elementor-1726\" data-elementor-post-type=\"page\">\n\t\t\t\t\t\t<section class=\"elementor-section elementor-top-section elementor-element elementor-element-2e17494 elementor-section-height-min-height elementor-section-boxed elementor-section-height-default elementor-section-items-middle\" data-id=\"2e17494\" data-element_type=\"section\" data-e-type=\"section\" data-settings=\"{&quot;background_background&quot;:&quot;classic&quot;}\">\n\t\t\t\t\t\t\t<div class=\"elementor-background-overlay\"><\/div>\n\t\t\t\t\t\t\t<div class=\"elementor-container elementor-column-gap-default\">\n\t\t\t\t\t<div class=\"elementor-column elementor-col-100 elementor-top-column elementor-element elementor-element-041b979\" data-id=\"041b979\" data-element_type=\"column\" data-e-type=\"column\">\n\t\t\t<div class=\"elementor-widget-wrap elementor-element-populated\">\n\t\t\t\t\t\t<div class=\"elementor-element elementor-element-a2791b1 elementor-widget elementor-widget-heading\" data-id=\"a2791b1\" data-element_type=\"widget\" data-e-type=\"widget\" data-widget_type=\"heading.default\">\n\t\t\t\t<div class=\"elementor-widget-container\">\n\t\t\t\t\t<h1 class=\"elementor-heading-title elementor-size-default\">Finansiering<\/h1>\t\t\t\t<\/div>\n\t\t\t\t<\/div>\n\t\t\t\t\t<\/div>\n\t\t<\/div>\n\t\t\t\t\t<\/div>\n\t\t<\/section>\n\t\t\t\t<section class=\"elementor-section elementor-top-section elementor-element elementor-element-0b698f9 elementor-section-boxed elementor-section-height-default elementor-section-height-default\" data-id=\"0b698f9\" data-element_type=\"section\" data-e-type=\"section\" data-settings=\"{&quot;background_background&quot;:&quot;classic&quot;}\">\n\t\t\t\t\t\t<div class=\"elementor-container elementor-column-gap-default\">\n\t\t\t\t\t<div class=\"elementor-column elementor-col-50 elementor-top-column elementor-element elementor-element-459372d\" data-id=\"459372d\" data-element_type=\"column\" data-e-type=\"column\">\n\t\t\t<div class=\"elementor-widget-wrap elementor-element-populated\">\n\t\t\t\t\t\t<div class=\"elementor-element elementor-element-676bda5 elementor-widget elementor-widget-text-editor\" data-id=\"676bda5\" data-element_type=\"widget\" data-e-type=\"widget\" data-widget_type=\"text-editor.default\">\n\t\t\t\t<div class=\"elementor-widget-container\">\n\t\t\t\t\t\t\t\t\t<h2>Finansiering og leiekj\u00f8p<\/h2><p>Som en av Sveriges ledende leverand\u00f8rer av <a href=\"https:\/\/lundaman.se\/no\/hjullastervekter\/\">hjullastervekter<\/a> til <a href=\"https:\/\/lundaman.se\/no\/vag-till-lastmaskiner\/\">laste maskiner<\/a> og <a href=\"https:\/\/lundaman.se\/no\/lundaman-t2\/\">gaffeltrucker<\/a>... til alle v\u00e5re kunder tilbyr vi gunstige finansieringsmuligheter gjennom avbetalingskj\u00f8p.<\/p><p class=\"p2 translation-block\">Vi hjelper til med finansieringen, uansett hvilket instrument du velger.<br>Kontakt oss for et tilbud.<\/p>\t\t\t\t\t\t\t\t<\/div>\n\t\t\t\t<\/div>\n\t\t\t\t<div class=\"elementor-element elementor-element-3c83503 elementor-align-left elementor-mobile-align-center elementor-widget elementor-widget-button\" data-id=\"3c83503\" data-element_type=\"widget\" data-e-type=\"widget\" data-widget_type=\"button.default\">\n\t\t\t\t<div class=\"elementor-widget-container\">\n\t\t\t\t\t\t\t\t\t<div class=\"elementor-button-wrapper\">\n\t\t\t\t\t<a class=\"elementor-button elementor-button-link elementor-size-sm\" href=\"\/no\/kontakt\/\">\n\t\t\t\t\t\t<span class=\"elementor-button-content-wrapper\">\n\t\t\t\t\t\t\t\t\t<span class=\"elementor-button-text\">Kontakt oss<\/span>\n\t\t\t\t\t<\/span>\n\t\t\t\t\t<\/a>\n\t\t\t\t<\/div>\n\t\t\t\t\t\t\t\t<\/div>\n\t\t\t\t<\/div>\n\t\t\t\t\t<\/div>\n\t\t<\/div>\n\t\t\t\t<div class=\"elementor-column elementor-col-50 elementor-top-column elementor-element elementor-element-d0ee011\" data-id=\"d0ee011\" data-element_type=\"column\" data-e-type=\"column\">\n\t\t\t<div class=\"elementor-widget-wrap elementor-element-populated\">\n\t\t\t\t\t\t<div class=\"elementor-element elementor-element-cc59624 elementor-widget elementor-widget-image\" data-id=\"cc59624\" data-element_type=\"widget\" data-e-type=\"widget\" data-widget_type=\"image.default\">\n\t\t\t\t<div class=\"elementor-widget-container\">\n\t\t\t\t\t\t\t\t\t\t\t\t\t\t\t<img decoding=\"async\" width=\"1000\" height=\"1000\" src=\"https:\/\/lundaman.se\/wp-content\/uploads\/2023\/11\/1111.jpg\" class=\"attachment-large size-large wp-image-1354\" alt=\"1111\" srcset=\"https:\/\/lundaman.se\/wp-content\/uploads\/2023\/11\/1111.jpg 1000w, https:\/\/lundaman.se\/wp-content\/uploads\/2023\/11\/1111-300x300.jpg 300w, https:\/\/lundaman.se\/wp-content\/uploads\/2023\/11\/1111-150x150.jpg 150w, https:\/\/lundaman.se\/wp-content\/uploads\/2023\/11\/1111-768x768.jpg 768w\" sizes=\"(max-width: 1000px) 100vw, 1000px\" title=\"\">\t\t\t\t\t\t\t\t\t\t\t\t\t\t\t<\/div>\n\t\t\t\t<\/div>\n\t\t\t\t\t<\/div>\n\t\t<\/div>\n\t\t\t\t\t<\/div>\n\t\t<\/section>\n\t\t\t\t<\/div>","protected":false},"excerpt":{"rendered":"<p>Finansiering Finansiering &amp; Hyrk\u00f6p Som en av Sveriges fr\u00e4msta leverant\u00f6rer av hjullastarv\u00e5gar till lastmaskiner och truckar, till alla v\u00e5ra kunder erbjuder vi f\u00f6rm\u00e5nliga finansieringsm\u00f6jligheter via hyrk\u00f6p. Vi hj\u00e4lper till med finansieringen, oavsett vilket instrument du v\u00e4ljer.Kontakta oss f\u00f6r offert. Kontakta oss<\/p>","protected":false},"author":2,"featured_media":0,"parent":0,"menu_order":0,"comment_status":"closed","ping_status":"closed","template":"","meta":{"site-sidebar-layout":"no-sidebar","site-content-layout":"page-builder","ast-site-content-layout":"full-width-container","site-content-style":"default","site-sidebar-style":"default","ast-global-header-display":"","ast-banner-title-visibility":"","ast-main-header-display":"","ast-hfb-above-header-display":"","ast-hfb-below-header-display":"","ast-hfb-mobile-header-display":"","site-post-title":"disabled","ast-breadcrumbs-content":"","ast-featured-img":"disabled","footer-sml-layout":"","theme-transparent-header-meta":"","adv-header-id-meta":"","stick-header-meta":"","header-above-stick-meta":"","header-main-stick-meta":"","header-below-stick-meta":"","astra-migrate-meta-layouts":"set","ast-page-background-enabled":"default","ast-page-background-meta":{"desktop":{"background-color":"var(--ast-global-color-4)","background-image":"","background-repeat":"repeat","background-position":"center center","background-size":"auto","background-attachment":"scroll","background-type":"","background-media":"","overlay-type":"","overlay-color":"","overlay-opacity":"","overlay-gradient":""},"tablet":{"background-color":"","background-image":"","background-repeat":"repeat","background-position":"center center","background-size":"auto","background-attachment":"scroll","background-type":"","background-media":"","overlay-type":"","overlay-color":"","overlay-opacity":"","overlay-gradient":""},"mobile":{"background-color":"","background-image":"","background-repeat":"repeat","background-position":"center center","background-size":"auto","background-attachment":"scroll","background-type":"","background-media":"","overlay-type":"","overlay-color":"","overlay-opacity":"","overlay-gradient":""}},"ast-content-background-meta":{"desktop":{"background-color":"var(--ast-global-color-5)","background-image":"","background-repeat":"repeat","background-position":"center center","background-size":"auto","background-attachment":"scroll","background-type":"","background-media":"","overlay-type":"","overlay-color":"","overlay-opacity":"","overlay-gradient":""},"tablet":{"background-color":"var(--ast-global-color-5)","background-image":"","background-repeat":"repeat","background-position":"center center","background-size":"auto","background-attachment":"scroll","background-type":"","background-media":"","overlay-type":"","overlay-color":"","overlay-opacity":"","overlay-gradient":""},"mobile":{"background-color":"var(--ast-global-color-5)","background-image":"","background-repeat":"repeat","background-position":"center center","background-size":"auto","background-attachment":"scroll","background-type":"","background-media":"","overlay-type":"","overlay-color":"","overlay-opacity":"","overlay-gradient":""}},"footnotes":""},"class_list":["post-1726","page","type-page","status-publish","hentry"],"_links":{"self":[{"href":"https:\/\/lundaman.se\/no\/wp-json\/wp\/v2\/pages\/1726","targetHints":{"allow":["GET"]}}],"collection":[{"href":"https:\/\/lundaman.se\/no\/wp-json\/wp\/v2\/pages"}],"about":[{"href":"https:\/\/lundaman.se\/no\/wp-json\/wp\/v2\/types\/page"}],"author":[{"embeddable":true,"href":"https:\/\/lundaman.se\/no\/wp-json\/wp\/v2\/users\/2"}],"replies":[{"embeddable":true,"href":"https:\/\/lundaman.se\/no\/wp-json\/wp\/v2\/comments?post=1726"}],"version-history":[{"count":29,"href":"https:\/\/lundaman.se\/no\/wp-json\/wp\/v2\/pages\/1726\/revisions"}],"predecessor-version":[{"id":4444,"href":"https:\/\/lundaman.se\/no\/wp-json\/wp\/v2\/pages\/1726\/revisions\/4444"}],"wp:attachment":[{"href":"https:\/\/lundaman.se\/no\/wp-json\/wp\/v2\/media?parent=1726"}],"curies":[{"name":"wp","href":"https:\/\/api.w.org\/{rel}","templated":true}]}}