{"id":2758,"date":"2023-12-20T10:37:51","date_gmt":"2023-12-20T10:37:51","guid":{"rendered":"https:\/\/lundaman.se\/?page_id=2758"},"modified":"2024-11-27T09:10:08","modified_gmt":"2024-11-27T09:10:08","slug":"kunskapsbank","status":"publish","type":"page","link":"https:\/\/lundaman.se\/en\/kunskapsbank\/","title":{"rendered":"Knowledge bank"},"content":{"rendered":"<div data-elementor-type=\"wp-page\" data-elementor-id=\"2758\" class=\"elementor elementor-2758\" data-elementor-post-type=\"page\">\n\t\t\t\t\t\t<section class=\"elementor-section elementor-top-section elementor-element elementor-element-6c5b56e elementor-section-height-min-height elementor-section-content-middle elementor-section-boxed elementor-section-height-default elementor-section-items-middle\" data-id=\"6c5b56e\" data-element_type=\"section\" data-e-type=\"section\" data-settings=\"{&quot;background_background&quot;:&quot;classic&quot;}\">\n\t\t\t\t\t\t<div class=\"elementor-container elementor-column-gap-default\">\n\t\t\t\t\t<div class=\"elementor-column elementor-col-100 elementor-top-column elementor-element elementor-element-56d22c4a\" data-id=\"56d22c4a\" data-element_type=\"column\" data-e-type=\"column\">\n\t\t\t<div class=\"elementor-widget-wrap elementor-element-populated\">\n\t\t\t\t\t\t<div class=\"elementor-element elementor-element-f8ba29d elementor-widget elementor-widget-heading\" data-id=\"f8ba29d\" data-element_type=\"widget\" data-e-type=\"widget\" data-widget_type=\"heading.default\">\n\t\t\t\t<div class=\"elementor-widget-container\">\n\t\t\t\t\t<h1 class=\"elementor-heading-title elementor-size-default\">Archive<\/h1>\t\t\t\t<\/div>\n\t\t\t\t<\/div>\n\t\t\t\t\t<\/div>\n\t\t<\/div>\n\t\t\t\t\t<\/div>\n\t\t<\/section>\n\t\t\t\t<section class=\"elementor-section elementor-top-section elementor-element elementor-element-6a250d0f elementor-section-boxed elementor-section-height-default elementor-section-height-default\" data-id=\"6a250d0f\" data-element_type=\"section\" data-e-type=\"section\" data-settings=\"{&quot;background_background&quot;:&quot;classic&quot;}\">\n\t\t\t\t\t\t<div class=\"elementor-container elementor-column-gap-default\">\n\t\t\t\t\t<div class=\"elementor-column elementor-col-100 elementor-top-column elementor-element elementor-element-70a2edd1\" data-id=\"70a2edd1\" data-element_type=\"column\" data-e-type=\"column\">\n\t\t\t<div class=\"elementor-widget-wrap elementor-element-populated\">\n\t\t\t\t\t\t<div class=\"elementor-element elementor-element-b386676 elementor-grid-3 elementor-grid-tablet-2 elementor-grid-mobile-1 elementor-posts--thumbnail-top elementor-card-shadow-yes elementor-posts__hover-gradient elementor-widget elementor-widget-posts\" data-id=\"b386676\" data-element_type=\"widget\" data-e-type=\"widget\" data-settings=\"{&quot;pagination_type&quot;:&quot;numbers&quot;,&quot;cards_columns&quot;:&quot;3&quot;,&quot;cards_columns_tablet&quot;:&quot;2&quot;,&quot;cards_columns_mobile&quot;:&quot;1&quot;,&quot;cards_row_gap&quot;:{&quot;unit&quot;:&quot;px&quot;,&quot;size&quot;:35,&quot;sizes&quot;:[]},&quot;cards_row_gap_laptop&quot;:{&quot;unit&quot;:&quot;px&quot;,&quot;size&quot;:&quot;&quot;,&quot;sizes&quot;:[]},&quot;cards_row_gap_tablet&quot;:{&quot;unit&quot;:&quot;px&quot;,&quot;size&quot;:&quot;&quot;,&quot;sizes&quot;:[]},&quot;cards_row_gap_mobile&quot;:{&quot;unit&quot;:&quot;px&quot;,&quot;size&quot;:&quot;&quot;,&quot;sizes&quot;:[]}}\" data-widget_type=\"posts.cards\">\n\t\t\t\t<div class=\"elementor-widget-container\">\n\t\t\t\t\t\t\t<div class=\"elementor-posts-container elementor-posts elementor-posts--skin-cards elementor-grid\" role=\"list\">\n\t\t\t\t<article class=\"elementor-post elementor-grid-item post-4417 post type-post status-publish format-standard has-post-thumbnail hentry category-kunskapsbank\" role=\"listitem\">\n\t\t\t<div class=\"elementor-post__card\">\n\t\t\t\t<a class=\"elementor-post__thumbnail__link\" href=\"https:\/\/lundaman.se\/en\/kunskapsbank\/kan-man-integrera-datan-fran-hjullastarvagen-mot-erp-och-affarssystem\/\" tabindex=\"-1\" ><div class=\"elementor-post__thumbnail\"><img decoding=\"async\" width=\"300\" height=\"109\" src=\"https:\/\/lundaman.se\/wp-content\/uploads\/2025\/02\/57056_original_ljungby-subheader-300x109.webp\" class=\"attachment-medium size-medium wp-image-3771\" alt=\"57056 original ljungby subheader\" srcset=\"https:\/\/lundaman.se\/wp-content\/uploads\/2025\/02\/57056_original_ljungby-subheader-300x109.webp 300w, https:\/\/lundaman.se\/wp-content\/uploads\/2025\/02\/57056_original_ljungby-subheader-1024x371.webp 1024w, https:\/\/lundaman.se\/wp-content\/uploads\/2025\/02\/57056_original_ljungby-subheader-768x278.webp 768w, https:\/\/lundaman.se\/wp-content\/uploads\/2025\/02\/57056_original_ljungby-subheader-1536x557.webp 1536w, https:\/\/lundaman.se\/wp-content\/uploads\/2025\/02\/57056_original_ljungby-subheader-18x7.webp 18w, https:\/\/lundaman.se\/wp-content\/uploads\/2025\/02\/57056_original_ljungby-subheader.webp 1600w\" sizes=\"(max-width: 300px) 100vw, 300px\" title=\"\"><\/div><\/a>\n\t\t\t\t<div class=\"elementor-post__text\">\n\t\t\t\t<h3 class=\"elementor-post__title\">\n\t\t\t<a href=\"https:\/\/lundaman.se\/en\/kunskapsbank\/kan-man-integrera-datan-fran-hjullastarvagen-mot-erp-och-affarssystem\/\" >\n\t\t\t\tKan man integrera\u00a0datan\u00a0fr\u00e5n hjullastarv\u00e5gen mot ERP och aff\u00e4rssystem?\u00a0\t\t\t<\/a>\n\t\t<\/h3>\n\t\t\t\t<div class=\"elementor-post__excerpt\">\n\t\t\t<p>Ja.&nbsp;Lundamans&nbsp;hjullastarv\u00e5gar med&nbsp;Lundaman P2&nbsp;kan integreras med ERP och aff\u00e4rssystem s\u00e5 att&nbsp;v\u00e4gdata&nbsp;kan anv\u00e4ndas direkt i era fl\u00f6den f\u00f6r fakturering, orderhantering, projektuppf\u00f6ljning och<\/p>\n\t\t<\/div>\n\t\t\n\t\t<a class=\"elementor-post__read-more\" href=\"https:\/\/lundaman.se\/en\/kunskapsbank\/kan-man-integrera-datan-fran-hjullastarvagen-mot-erp-och-affarssystem\/\" aria-label=\"Read more about Kan man integrera\u00a0datan\u00a0fr\u00e5n hjullastarv\u00e5gen mot ERP och aff\u00e4rssystem?\u00a0\" tabindex=\"-1\" >\n\t\t\tRead more \u00bb\t\t<\/a>\n\n\t\t\t\t<\/div>\n\t\t\t\t\t<\/div>\n\t\t<\/article>\n\t\t\t\t<article class=\"elementor-post elementor-grid-item post-4414 post type-post status-publish format-standard has-post-thumbnail hentry category-kunskapsbank\" role=\"listitem\">\n\t\t\t<div class=\"elementor-post__card\">\n\t\t\t\t<a class=\"elementor-post__thumbnail__link\" href=\"https:\/\/lundaman.se\/en\/kunskapsbank\/finns-lundaman-vag-tillganglig-for-truck\/\" tabindex=\"-1\" ><div class=\"elementor-post__thumbnail\"><img decoding=\"async\" width=\"300\" height=\"200\" src=\"https:\/\/lundaman.se\/wp-content\/uploads\/2023\/11\/mobile-stacker-handler-in-action-at-a-container-te-2023-11-27-04-55-42-utc-300x200.jpg\" class=\"attachment-medium size-medium wp-image-2126\" alt=\"mobile stacker handler in action at a container te 2023 11 27 04 55 42 utc scaled\" srcset=\"https:\/\/lundaman.se\/wp-content\/uploads\/2023\/11\/mobile-stacker-handler-in-action-at-a-container-te-2023-11-27-04-55-42-utc-300x200.jpg 300w, https:\/\/lundaman.se\/wp-content\/uploads\/2023\/11\/mobile-stacker-handler-in-action-at-a-container-te-2023-11-27-04-55-42-utc-1024x683.jpg 1024w, https:\/\/lundaman.se\/wp-content\/uploads\/2023\/11\/mobile-stacker-handler-in-action-at-a-container-te-2023-11-27-04-55-42-utc-768x513.jpg 768w, https:\/\/lundaman.se\/wp-content\/uploads\/2023\/11\/mobile-stacker-handler-in-action-at-a-container-te-2023-11-27-04-55-42-utc-1536x1025.jpg 1536w, https:\/\/lundaman.se\/wp-content\/uploads\/2023\/11\/mobile-stacker-handler-in-action-at-a-container-te-2023-11-27-04-55-42-utc-2048x1367.jpg 2048w, https:\/\/lundaman.se\/wp-content\/uploads\/2023\/11\/mobile-stacker-handler-in-action-at-a-container-te-2023-11-27-04-55-42-utc-scaled.jpg 1920w\" sizes=\"(max-width: 300px) 100vw, 300px\" title=\"\"><\/div><\/a>\n\t\t\t\t<div class=\"elementor-post__text\">\n\t\t\t\t<h3 class=\"elementor-post__title\">\n\t\t\t<a href=\"https:\/\/lundaman.se\/en\/kunskapsbank\/finns-lundaman-vag-tillganglig-for-truck\/\" >\n\t\t\t\tFinns Lundaman v\u00e5g tillg\u00e4nglig f\u00f6r truck?\u00a0\t\t\t<\/a>\n\t\t<\/h3>\n\t\t\t\t<div class=\"elementor-post__excerpt\">\n\t\t\t<p>Ja.&nbsp;Lundaman har tagit fram en v\u00e5gl\u00f6sning som \u00e4r s\u00e4rskilt anpassad f\u00f6r truckar. Den heter&nbsp;Lundaman T2&nbsp;och \u00e4r framtagen f\u00f6r att fungera<\/p>\n\t\t<\/div>\n\t\t\n\t\t<a class=\"elementor-post__read-more\" href=\"https:\/\/lundaman.se\/en\/kunskapsbank\/finns-lundaman-vag-tillganglig-for-truck\/\" aria-label=\"Read more about Finns Lundaman v\u00e5g tillg\u00e4nglig f\u00f6r truck?\u00a0\" tabindex=\"-1\" >\n\t\t\tRead more \u00bb\t\t<\/a>\n\n\t\t\t\t<\/div>\n\t\t\t\t\t<\/div>\n\t\t<\/article>\n\t\t\t\t<article class=\"elementor-post elementor-grid-item post-4400 post type-post status-publish format-standard has-post-thumbnail hentry category-kunskapsbank\" role=\"listitem\">\n\t\t\t<div class=\"elementor-post__card\">\n\t\t\t\t<a class=\"elementor-post__thumbnail__link\" href=\"https:\/\/lundaman.se\/en\/kunskapsbank\/finns-det-serviceavtal\/\" tabindex=\"-1\" ><div class=\"elementor-post__thumbnail\"><img decoding=\"async\" width=\"300\" height=\"300\" src=\"https:\/\/lundaman.se\/wp-content\/uploads\/2025\/02\/Hjullastare-med-hjullastarvag-300x300.webp\" class=\"attachment-medium size-medium wp-image-3772\" alt=\"Hjullastare med hjullastarvag\" srcset=\"https:\/\/lundaman.se\/wp-content\/uploads\/2025\/02\/Hjullastare-med-hjullastarvag-300x300.webp 300w, https:\/\/lundaman.se\/wp-content\/uploads\/2025\/02\/Hjullastare-med-hjullastarvag-1024x1024.webp 1024w, https:\/\/lundaman.se\/wp-content\/uploads\/2025\/02\/Hjullastare-med-hjullastarvag-150x150.webp 150w, https:\/\/lundaman.se\/wp-content\/uploads\/2025\/02\/Hjullastare-med-hjullastarvag-768x768.webp 768w, https:\/\/lundaman.se\/wp-content\/uploads\/2025\/02\/Hjullastare-med-hjullastarvag-12x12.webp 12w, https:\/\/lundaman.se\/wp-content\/uploads\/2025\/02\/Hjullastare-med-hjullastarvag.webp 1143w\" sizes=\"(max-width: 300px) 100vw, 300px\" title=\"\"><\/div><\/a>\n\t\t\t\t<div class=\"elementor-post__text\">\n\t\t\t\t<h3 class=\"elementor-post__title\">\n\t\t\t<a href=\"https:\/\/lundaman.se\/en\/kunskapsbank\/finns-det-serviceavtal\/\" >\n\t\t\t\tFinns det serviceavtal?\u00a0\t\t\t<\/a>\n\t\t<\/h3>\n\t\t\t\t<div class=\"elementor-post__excerpt\">\n\t\t\t<p>Ja. Lundaman erbjuder&nbsp;serviceavtal d\u00e4r v\u00e5ra tekniker g\u00f6r en&nbsp;\u00e5rlig kontroll av&nbsp;v\u00e5gsystemet. Syftet \u00e4r att s\u00e4kra driften, f\u00f6rebygga driftstopp och ge&nbsp;utbildning till<\/p>\n\t\t<\/div>\n\t\t\n\t\t<a class=\"elementor-post__read-more\" href=\"https:\/\/lundaman.se\/en\/kunskapsbank\/finns-det-serviceavtal\/\" aria-label=\"Read more about Finns det serviceavtal?\u00a0\" tabindex=\"-1\" >\n\t\t\tRead more \u00bb\t\t<\/a>\n\n\t\t\t\t<\/div>\n\t\t\t\t\t<\/div>\n\t\t<\/article>\n\t\t\t\t<article class=\"elementor-post elementor-grid-item post-4398 post type-post status-publish format-standard has-post-thumbnail hentry category-kunskapsbank\" role=\"listitem\">\n\t\t\t<div class=\"elementor-post__card\">\n\t\t\t\t<a class=\"elementor-post__thumbnail__link\" href=\"https:\/\/lundaman.se\/en\/kunskapsbank\/ar-lundamans-hjullastarvagar-kroningsbara\/\" tabindex=\"-1\" ><div class=\"elementor-post__thumbnail\"><img decoding=\"async\" width=\"300\" height=\"109\" src=\"https:\/\/lundaman.se\/wp-content\/uploads\/2025\/02\/57056_original_ljungby-subheader-300x109.webp\" class=\"attachment-medium size-medium wp-image-3771\" alt=\"57056 original ljungby subheader\" srcset=\"https:\/\/lundaman.se\/wp-content\/uploads\/2025\/02\/57056_original_ljungby-subheader-300x109.webp 300w, https:\/\/lundaman.se\/wp-content\/uploads\/2025\/02\/57056_original_ljungby-subheader-1024x371.webp 1024w, https:\/\/lundaman.se\/wp-content\/uploads\/2025\/02\/57056_original_ljungby-subheader-768x278.webp 768w, https:\/\/lundaman.se\/wp-content\/uploads\/2025\/02\/57056_original_ljungby-subheader-1536x557.webp 1536w, https:\/\/lundaman.se\/wp-content\/uploads\/2025\/02\/57056_original_ljungby-subheader-18x7.webp 18w, https:\/\/lundaman.se\/wp-content\/uploads\/2025\/02\/57056_original_ljungby-subheader.webp 1600w\" sizes=\"(max-width: 300px) 100vw, 300px\" title=\"\"><\/div><\/a>\n\t\t\t\t<div class=\"elementor-post__text\">\n\t\t\t\t<h3 class=\"elementor-post__title\">\n\t\t\t<a href=\"https:\/\/lundaman.se\/en\/kunskapsbank\/ar-lundamans-hjullastarvagar-kroningsbara\/\" >\n\t\t\t\t\u00c4r\u00a0Lundamans\u00a0hjullastarv\u00e5gar kr\u00f6ningsbara?\u00a0\t\t\t<\/a>\n\t\t<\/h3>\n\t\t\t\t<div class=\"elementor-post__excerpt\">\n\t\t\t<p>Ja.\u00a0Lundaman erbjuder certifierade och kr\u00f6ningsbara\u00a0hjullastarv\u00e5gar. F\u00f6r dig som vill ha dokumentation s\u00e5 erbjuder vi\u00a0kalibreringsintyg och \u00e4ven serviceavtal. Vad inneb\u00e4r kr\u00f6ningsbar<\/p>\n\t\t<\/div>\n\t\t\n\t\t<a class=\"elementor-post__read-more\" href=\"https:\/\/lundaman.se\/en\/kunskapsbank\/ar-lundamans-hjullastarvagar-kroningsbara\/\" aria-label=\"Read more about \u00c4r\u00a0Lundamans\u00a0hjullastarv\u00e5gar kr\u00f6ningsbara?\u00a0\" tabindex=\"-1\" >\n\t\t\tRead more \u00bb\t\t<\/a>\n\n\t\t\t\t<\/div>\n\t\t\t\t\t<\/div>\n\t\t<\/article>\n\t\t\t\t<article class=\"elementor-post elementor-grid-item post-4394 post type-post status-publish format-standard has-post-thumbnail hentry category-kunskapsbank\" role=\"listitem\">\n\t\t\t<div class=\"elementor-post__card\">\n\t\t\t\t<a class=\"elementor-post__thumbnail__link\" href=\"https:\/\/lundaman.se\/en\/kunskapsbank\/kan-man-kombinera-lundaman-p2-med-andra-system\/\" tabindex=\"-1\" ><div class=\"elementor-post__thumbnail\"><img decoding=\"async\" width=\"300\" height=\"175\" src=\"https:\/\/lundaman.se\/wp-content\/uploads\/2023\/12\/lundaman-kundcase-ncc-300x175.png\" class=\"attachment-medium size-medium wp-image-2355\" alt=\"lundaman kundcase ncc\" srcset=\"https:\/\/lundaman.se\/wp-content\/uploads\/2023\/12\/lundaman-kundcase-ncc-300x175.png 300w, https:\/\/lundaman.se\/wp-content\/uploads\/2023\/12\/lundaman-kundcase-ncc-1024x596.png 1024w, https:\/\/lundaman.se\/wp-content\/uploads\/2023\/12\/lundaman-kundcase-ncc-768x447.png 768w, https:\/\/lundaman.se\/wp-content\/uploads\/2023\/12\/lundaman-kundcase-ncc-1536x893.png 1536w, https:\/\/lundaman.se\/wp-content\/uploads\/2023\/12\/lundaman-kundcase-ncc.png 1561w\" sizes=\"(max-width: 300px) 100vw, 300px\" title=\"\"><\/div><\/a>\n\t\t\t\t<div class=\"elementor-post__text\">\n\t\t\t\t<h3 class=\"elementor-post__title\">\n\t\t\t<a href=\"https:\/\/lundaman.se\/en\/kunskapsbank\/kan-man-kombinera-lundaman-p2-med-andra-system\/\" >\n\t\t\t\tKan man kombinera\u00a0Lundaman\u00a0P2 med andra system?\u00a0\t\t\t<\/a>\n\t\t<\/h3>\n\t\t\t\t<div class=\"elementor-post__excerpt\">\n\t\t\t<p>Ja.\u00a0Lundaman\u00a0P2 kan kombineras med m\u00e5nga andra system och applikationer. I vissa fall beh\u00f6vs enklare anpassning eller riktad utveckling f\u00f6r att<\/p>\n\t\t<\/div>\n\t\t\n\t\t<a class=\"elementor-post__read-more\" href=\"https:\/\/lundaman.se\/en\/kunskapsbank\/kan-man-kombinera-lundaman-p2-med-andra-system\/\" aria-label=\"Read more about Kan man kombinera\u00a0Lundaman\u00a0P2 med andra system?\u00a0\" tabindex=\"-1\" >\n\t\t\tRead more \u00bb\t\t<\/a>\n\n\t\t\t\t<\/div>\n\t\t\t\t\t<\/div>\n\t\t<\/article>\n\t\t\t\t<article class=\"elementor-post elementor-grid-item post-4392 post type-post status-publish format-standard has-post-thumbnail hentry category-kunskapsbank\" role=\"listitem\">\n\t\t\t<div class=\"elementor-post__card\">\n\t\t\t\t<a class=\"elementor-post__thumbnail__link\" href=\"https:\/\/lundaman.se\/en\/kunskapsbank\/vad-kostar-en-hjullastarvag\/\" tabindex=\"-1\" ><div class=\"elementor-post__thumbnail\"><img decoding=\"async\" width=\"300\" height=\"200\" src=\"https:\/\/lundaman.se\/wp-content\/uploads\/2023\/12\/dsc02637edit-2023-11-27-04-53-17-utc-300x200.jpg\" class=\"attachment-medium size-medium wp-image-2556\" alt=\"dsc02637edit 2023 11 27 04 53 17 utc scaled\" srcset=\"https:\/\/lundaman.se\/wp-content\/uploads\/2023\/12\/dsc02637edit-2023-11-27-04-53-17-utc-300x200.jpg 300w, https:\/\/lundaman.se\/wp-content\/uploads\/2023\/12\/dsc02637edit-2023-11-27-04-53-17-utc-1024x683.jpg 1024w, https:\/\/lundaman.se\/wp-content\/uploads\/2023\/12\/dsc02637edit-2023-11-27-04-53-17-utc-768x512.jpg 768w, https:\/\/lundaman.se\/wp-content\/uploads\/2023\/12\/dsc02637edit-2023-11-27-04-53-17-utc-1536x1024.jpg 1536w, https:\/\/lundaman.se\/wp-content\/uploads\/2023\/12\/dsc02637edit-2023-11-27-04-53-17-utc-2048x1365.jpg 2048w, https:\/\/lundaman.se\/wp-content\/uploads\/2023\/12\/dsc02637edit-2023-11-27-04-53-17-utc-scaled.jpg 1920w\" sizes=\"(max-width: 300px) 100vw, 300px\" title=\"\"><\/div><\/a>\n\t\t\t\t<div class=\"elementor-post__text\">\n\t\t\t\t<h3 class=\"elementor-post__title\">\n\t\t\t<a href=\"https:\/\/lundaman.se\/en\/kunskapsbank\/vad-kostar-en-hjullastarvag\/\" >\n\t\t\t\tVad kostar en hjullastarv\u00e5g?\u00a0\t\t\t<\/a>\n\t\t<\/h3>\n\t\t\t\t<div class=\"elementor-post__excerpt\">\n\t\t\t<p>Priset beror p\u00e5&nbsp;modell, funktioner och installation. H\u00f6r av dig p\u00e5&nbsp;046\u2013291560&nbsp;eller&nbsp;info@lundaman.se&nbsp;s\u00e5 tar vi fram en&nbsp;behovsanpassad offert&nbsp;med tydlig specifikation, leveranstid och totalkostnad.&nbsp;<\/p>\n\t\t<\/div>\n\t\t\n\t\t<a class=\"elementor-post__read-more\" href=\"https:\/\/lundaman.se\/en\/kunskapsbank\/vad-kostar-en-hjullastarvag\/\" aria-label=\"Read more about Vad kostar en hjullastarv\u00e5g?\u00a0\" tabindex=\"-1\" >\n\t\t\tRead more \u00bb\t\t<\/a>\n\n\t\t\t\t<\/div>\n\t\t\t\t\t<\/div>\n\t\t<\/article>\n\t\t\t\t<\/div>\n\t\t\n\t\t\t\t<div class=\"e-load-more-anchor\" data-page=\"1\" data-max-page=\"7\" data-next-page=\"https:\/\/lundaman.se\/wp-json\/wp\/v2\/pages\/2758\/page\/2\/\"><\/div>\n\t\t\t\t<nav class=\"elementor-pagination\" aria-label=\"Pagination\">\n\t\t\t<span aria-current=\"page\" class=\"page-numbers current\"><span class=\"elementor-screen-only\">Page<\/span>1<\/span>\n<a class=\"page-numbers\" href=\"https:\/\/lundaman.se\/wp-json\/wp\/v2\/pages\/2758\/page\/2\/\"><span class=\"elementor-screen-only\">Page<\/span>2<\/a>\n<a class=\"page-numbers\" href=\"https:\/\/lundaman.se\/wp-json\/wp\/v2\/pages\/2758\/page\/3\/\"><span class=\"elementor-screen-only\">Page<\/span>3<\/a>\n<a class=\"page-numbers\" href=\"https:\/\/lundaman.se\/wp-json\/wp\/v2\/pages\/2758\/page\/4\/\"><span class=\"elementor-screen-only\">Page<\/span>4<\/a>\n<a class=\"page-numbers\" href=\"https:\/\/lundaman.se\/wp-json\/wp\/v2\/pages\/2758\/page\/5\/\"><span class=\"elementor-screen-only\">Page<\/span>5<\/a>\t\t<\/nav>\n\t\t\t\t\t\t<\/div>\n\t\t\t\t<\/div>\n\t\t\t\t\t<\/div>\n\t\t<\/div>\n\t\t\t\t\t<\/div>\n\t\t<\/section>\n\t\t\t\t<\/div>","protected":false},"excerpt":{"rendered":"","protected":false},"author":2,"featured_media":0,"parent":0,"menu_order":0,"comment_status":"closed","ping_status":"closed","template":"","meta":{"site-sidebar-layout":"no-sidebar","site-content-layout":"page-builder","ast-site-content-layout":"full-width-container","site-content-style":"default","site-sidebar-style":"default","ast-global-header-display":"","ast-banner-title-visibility":"","ast-main-header-display":"","ast-hfb-above-header-display":"","ast-hfb-below-header-display":"","ast-hfb-mobile-header-display":"","site-post-title":"disabled","ast-breadcrumbs-content":"","ast-featured-img":"disabled","footer-sml-layout":"","theme-transparent-header-meta":"","adv-header-id-meta":"","stick-header-meta":"","header-above-stick-meta":"","header-main-stick-meta":"","header-below-stick-meta":"","astra-migrate-meta-layouts":"set","ast-page-background-enabled":"default","ast-page-background-meta":{"desktop":{"background-color":"var(--ast-global-color-4)","background-image":"","background-repeat":"repeat","background-position":"center center","background-size":"auto","background-attachment":"scroll","background-type":"","background-media":"","overlay-type":"","overlay-color":"","overlay-opacity":"","overlay-gradient":""},"tablet":{"background-color":"","background-image":"","background-repeat":"repeat","background-position":"center center","background-size":"auto","background-attachment":"scroll","background-type":"","background-media":"","overlay-type":"","overlay-color":"","overlay-opacity":"","overlay-gradient":""},"mobile":{"background-color":"","background-image":"","background-repeat":"repeat","background-position":"center center","background-size":"auto","background-attachment":"scroll","background-type":"","background-media":"","overlay-type":"","overlay-color":"","overlay-opacity":"","overlay-gradient":""}},"ast-content-background-meta":{"desktop":{"background-color":"var(--ast-global-color-5)","background-image":"","background-repeat":"repeat","background-position":"center center","background-size":"auto","background-attachment":"scroll","background-type":"","background-media":"","overlay-type":"","overlay-color":"","overlay-opacity":"","overlay-gradient":""},"tablet":{"background-color":"var(--ast-global-color-5)","background-image":"","background-repeat":"repeat","background-position":"center center","background-size":"auto","background-attachment":"scroll","background-type":"","background-media":"","overlay-type":"","overlay-color":"","overlay-opacity":"","overlay-gradient":""},"mobile":{"background-color":"var(--ast-global-color-5)","background-image":"","background-repeat":"repeat","background-position":"center center","background-size":"auto","background-attachment":"scroll","background-type":"","background-media":"","overlay-type":"","overlay-color":"","overlay-opacity":"","overlay-gradient":""}},"footnotes":""},"class_list":["post-2758","page","type-page","status-publish","hentry"],"_links":{"self":[{"href":"https:\/\/lundaman.se\/en\/wp-json\/wp\/v2\/pages\/2758","targetHints":{"allow":["GET"]}}],"collection":[{"href":"https:\/\/lundaman.se\/en\/wp-json\/wp\/v2\/pages"}],"about":[{"href":"https:\/\/lundaman.se\/en\/wp-json\/wp\/v2\/types\/page"}],"author":[{"embeddable":true,"href":"https:\/\/lundaman.se\/en\/wp-json\/wp\/v2\/users\/2"}],"replies":[{"embeddable":true,"href":"https:\/\/lundaman.se\/en\/wp-json\/wp\/v2\/comments?post=2758"}],"version-history":[{"count":23,"href":"https:\/\/lundaman.se\/en\/wp-json\/wp\/v2\/pages\/2758\/revisions"}],"predecessor-version":[{"id":4287,"href":"https:\/\/lundaman.se\/en\/wp-json\/wp\/v2\/pages\/2758\/revisions\/4287"}],"wp:attachment":[{"href":"https:\/\/lundaman.se\/en\/wp-json\/wp\/v2\/media?parent=2758"}],"curies":[{"name":"wp","href":"https:\/\/api.w.org\/{rel}","templated":true}]}}