{"id":1743,"date":"2023-11-21T12:16:01","date_gmt":"2023-11-21T12:16:01","guid":{"rendered":"https:\/\/lundaman.se\/?page_id=1743"},"modified":"2025-04-22T13:35:43","modified_gmt":"2025-04-22T13:35:43","slug":"lundaserver","status":"publish","type":"page","link":"https:\/\/lundaman.se\/en\/lundaserver\/","title":{"rendered":"Lundaserver"},"content":{"rendered":"\t\t<div data-elementor-type=\"wp-page\" data-elementor-id=\"1743\" class=\"elementor elementor-1743\" data-elementor-post-type=\"page\">\n\t\t\t\t\t\t<section class=\"elementor-section elementor-top-section elementor-element elementor-element-3642a6f elementor-section-height-min-height elementor-section-boxed elementor-section-height-default elementor-section-items-middle\" data-id=\"3642a6f\" data-element_type=\"section\" data-e-type=\"section\" data-settings=\"{&quot;background_background&quot;:&quot;classic&quot;}\">\n\t\t\t\t\t\t\t<div class=\"elementor-background-overlay\"><\/div>\n\t\t\t\t\t\t\t<div class=\"elementor-container elementor-column-gap-default\">\n\t\t\t\t\t<div class=\"elementor-column elementor-col-100 elementor-top-column elementor-element elementor-element-436fe2c\" data-id=\"436fe2c\" data-element_type=\"column\" data-e-type=\"column\">\n\t\t\t<div class=\"elementor-widget-wrap elementor-element-populated\">\n\t\t\t\t\t\t<div class=\"elementor-element elementor-element-da7c1d5 elementor-widget elementor-widget-heading\" data-id=\"da7c1d5\" data-element_type=\"widget\" data-e-type=\"widget\" data-widget_type=\"heading.default\">\n\t\t\t\t<div class=\"elementor-widget-container\">\n\t\t\t\t\t<h1 class=\"elementor-heading-title elementor-size-default\">Lundaserver<\/h1>\t\t\t\t<\/div>\n\t\t\t\t<\/div>\n\t\t\t\t\t<\/div>\n\t\t<\/div>\n\t\t\t\t\t<\/div>\n\t\t<\/section>\n\t\t<div class=\"elementor-element elementor-element-84e3a5b e-flex e-con-boxed e-con e-parent\" data-id=\"84e3a5b\" data-element_type=\"container\" data-e-type=\"container\">\n\t\t\t\t\t<div class=\"e-con-inner\">\n\t\t\t\t<div class=\"elementor-element elementor-element-3e4dd2a elementor-headline--style-highlight elementor-widget elementor-widget-animated-headline\" data-id=\"3e4dd2a\" data-element_type=\"widget\" data-e-type=\"widget\" data-settings=\"{&quot;marker&quot;:&quot;double_underline&quot;,&quot;highlighted_text&quot;:&quot;Lundaserver 2.1&quot;,&quot;headline_style&quot;:&quot;highlight&quot;,&quot;highlight_animation_duration&quot;:1200}\" data-widget_type=\"animated-headline.default\">\n\t\t\t\t<div class=\"elementor-widget-container\">\n\t\t\t\t\t\t\t<h3 class=\"elementor-headline\">\n\t\t\t\t\t<span class=\"elementor-headline-plain-text elementor-headline-text-wrapper\">Nyhet - Uppdaterade <\/span>\n\t\t\t\t<span class=\"elementor-headline-dynamic-wrapper elementor-headline-text-wrapper\">\n\t\t\t\t\t<span class=\"elementor-headline-dynamic-text elementor-headline-text-active\">Lundaserver 2.1<\/span>\n\t\t\t\t<\/span>\n\t\t\t\t\t<span class=\"elementor-headline-plain-text elementor-headline-text-wrapper\">\u00e4r \u00e4ntligen h\u00e4r! F\u00f6r demo s\u00e5 n\u00e5r ni oss p\u00e5 046-291560 alternativt info@lundaman.se<\/span>\n\t\t\t\t\t<\/h3>\n\t\t\t\t\t\t<\/div>\n\t\t\t\t<\/div>\n\t\t\t\t\t<\/div>\n\t\t\t\t<\/div>\n\t\t<div class=\"elementor-element elementor-element-5ca942c e-flex e-con-boxed e-con e-parent\" data-id=\"5ca942c\" data-element_type=\"container\" data-e-type=\"container\" id=\"logga-in\" data-settings=\"{&quot;background_background&quot;:&quot;classic&quot;}\">\n\t\t\t\t\t<div class=\"e-con-inner\">\n\t\t<div class=\"elementor-element elementor-element-78101eb e-con-full e-flex e-con e-child\" data-id=\"78101eb\" data-element_type=\"container\" data-e-type=\"container\">\n\t\t\t\t<div class=\"elementor-element elementor-element-42d5aec elementor-widget__width-initial elementor-widget elementor-widget-text-editor\" data-id=\"42d5aec\" data-element_type=\"widget\" data-e-type=\"widget\" data-widget_type=\"text-editor.default\">\n\t\t\t\t<div class=\"elementor-widget-container\">\n\t\t\t\t\t\t\t\t\t<h2>Molnbaserat v\u00e5gsystem med kommunikation mot LundaServer!<\/h2>\n<p>Ni kan enkelt och smidigt hantera v\u00e5gen direkt fr\u00e5n LundaServer 2.0. H\u00e4r kan ni hantera era register, se \u00f6ver vad som lastats ut och hur mycket ni k\u00f6rt internt, skicka arbetsorder till v\u00e5gen, hantera startsp\u00e4rr p\u00e5 maskinen, se lastningar genom GPS-sp\u00e5rning och mycket annat!<\/p>\n<p>Vi erbjuder \u00e4ven integrering av er lastinformation direkt mot \u00f6nskat aff\u00e4rssystem, antingen automatiskt med API-koppling eller manuell hantering.<\/p>\n<p>Vi har befintliga kopplingar idag mot flertalet aff\u00e4rssystem, s\u00e5 tveka inte h\u00f6ra av er om ni vill veta mer. Vi tar g\u00e4rna ett m\u00f6te och f\u00f6rklarar hur detta skulle kunna gynna er verksamhet.<\/p>\t\t\t\t\t\t\t\t<\/div>\n\t\t\t\t<\/div>\n\t\t\t\t<div class=\"elementor-element elementor-element-1d8ce24 elementor-widget elementor-widget-text-editor\" data-id=\"1d8ce24\" data-element_type=\"widget\" data-e-type=\"widget\" data-widget_type=\"text-editor.default\">\n\t\t\t\t<div class=\"elementor-widget-container\">\n\t\t\t\t\t\t\t\t\t<h2><span class=\"s1\">Ger dig \u00f6verblick fr\u00e5n kontoret<\/span><\/h2><p>\u2013 H\u00e4mta enkelt hem lastinformation f\u00f6r Excel och aff\u00e4rssystem<br \/>\u2013 Hantera register och synka mellan flera maskiner<br \/>\u2013 Skicka och \u00f6vervaka k\u00f6rorder<br \/>\u2013 Skicka info direkt via API till ert ekonomiprogram<br \/>\u2013 Konfigurera och hantera dina v\u00e5gar direkt fr\u00e5n kontoret<\/p>\t\t\t\t\t\t\t\t<\/div>\n\t\t\t\t<\/div>\n\t\t\t\t<\/div>\n\t\t<div class=\"elementor-element elementor-element-03fa9ab e-con-full e-flex e-con e-child\" data-id=\"03fa9ab\" data-element_type=\"container\" data-e-type=\"container\">\n\t\t<div class=\"elementor-element elementor-element-be71214 e-con-full e-flex e-con e-child\" data-id=\"be71214\" data-element_type=\"container\" data-e-type=\"container\" data-settings=\"{&quot;sticky&quot;:&quot;top&quot;,&quot;sticky_offset&quot;:150,&quot;sticky_parent&quot;:&quot;yes&quot;,&quot;sticky_on&quot;:[&quot;desktop&quot;,&quot;laptop&quot;,&quot;tablet&quot;,&quot;mobile&quot;],&quot;sticky_effects_offset&quot;:0,&quot;sticky_anchor_link_offset&quot;:0}\">\n\t\t<div class=\"elementor-element elementor-element-ca8b6ae e-con-full e-flex e-con e-child\" data-id=\"ca8b6ae\" data-element_type=\"container\" data-e-type=\"container\">\n\t\t\t\t<div class=\"elementor-element elementor-element-50522c3 elementor-widget elementor-widget-image\" data-id=\"50522c3\" data-element_type=\"widget\" data-e-type=\"widget\" data-widget_type=\"image.default\">\n\t\t\t\t<div class=\"elementor-widget-container\">\n\t\t\t\t\t\t\t\t\t\t\t\t\t\t\t\t<a href=\"https:\/\/lunda2.lundaman.se\/\" target=\"_blank\">\n\t\t\t\t\t\t\t<img decoding=\"async\" width=\"307\" height=\"307\" src=\"https:\/\/lundaman.se\/wp-content\/uploads\/2023\/11\/GDM-Icon-Server.png\" class=\"attachment-large size-large wp-image-1355\" alt=\"GDM Icon Server\" srcset=\"https:\/\/lundaman.se\/wp-content\/uploads\/2023\/11\/GDM-Icon-Server.png 307w, https:\/\/lundaman.se\/wp-content\/uploads\/2023\/11\/GDM-Icon-Server-300x300.png 300w, https:\/\/lundaman.se\/wp-content\/uploads\/2023\/11\/GDM-Icon-Server-150x150.png 150w\" sizes=\"(max-width: 307px) 100vw, 307px\" title=\"\">\t\t\t\t\t\t\t\t<\/a>\n\t\t\t\t\t\t\t\t\t\t\t\t\t\t\t<\/div>\n\t\t\t\t<\/div>\n\t\t\t\t<div class=\"elementor-element elementor-element-68db214 elementor-widget elementor-widget-heading\" data-id=\"68db214\" data-element_type=\"widget\" data-e-type=\"widget\" data-widget_type=\"heading.default\">\n\t\t\t\t<div class=\"elementor-widget-container\">\n\t\t\t\t\t<h4 class=\"elementor-heading-title elementor-size-default\"><a href=\"https:\/\/lunda2.lundaman.se\/\" target=\"_blank\">LUNDASERVER 2.1\u200b<\/a><\/h4>\t\t\t\t<\/div>\n\t\t\t\t<\/div>\n\t\t\t\t<div class=\"elementor-element elementor-element-11960a5 elementor-align-center elementor-widget elementor-widget-button\" data-id=\"11960a5\" data-element_type=\"widget\" data-e-type=\"widget\" data-widget_type=\"button.default\">\n\t\t\t\t<div class=\"elementor-widget-container\">\n\t\t\t\t\t\t\t\t\t<div class=\"elementor-button-wrapper\">\n\t\t\t\t\t<a class=\"elementor-button elementor-button-link elementor-size-sm\" href=\"https:\/\/lunda2.lundaman.se\/\" target=\"_blank\">\n\t\t\t\t\t\t<span class=\"elementor-button-content-wrapper\">\n\t\t\t\t\t\t\t\t\t<span class=\"elementor-button-text\">Logga in<\/span>\n\t\t\t\t\t<\/span>\n\t\t\t\t\t<\/a>\n\t\t\t\t<\/div>\n\t\t\t\t\t\t\t\t<\/div>\n\t\t\t\t<\/div>\n\t\t\t\t<\/div>\n\t\t\t\t<\/div>\n\t\t\t\t<\/div>\n\t\t<div class=\"elementor-element elementor-element-504c485 e-con-full e-flex e-con e-child\" data-id=\"504c485\" data-element_type=\"container\" data-e-type=\"container\">\n\t\t<div class=\"elementor-element elementor-element-d39b512 e-con-full e-flex e-con e-child\" data-id=\"d39b512\" data-element_type=\"container\" data-e-type=\"container\" data-settings=\"{&quot;sticky&quot;:&quot;top&quot;,&quot;sticky_offset&quot;:150,&quot;sticky_parent&quot;:&quot;yes&quot;,&quot;sticky_on&quot;:[&quot;desktop&quot;,&quot;laptop&quot;,&quot;tablet&quot;,&quot;mobile&quot;],&quot;sticky_effects_offset&quot;:0,&quot;sticky_anchor_link_offset&quot;:0}\">\n\t\t<div class=\"elementor-element elementor-element-e4b534c e-con-full e-flex e-con e-child\" data-id=\"e4b534c\" data-element_type=\"container\" data-e-type=\"container\">\n\t\t\t\t<div class=\"elementor-element elementor-element-0e3b567 elementor-widget elementor-widget-image\" data-id=\"0e3b567\" data-element_type=\"widget\" data-e-type=\"widget\" data-widget_type=\"image.default\">\n\t\t\t\t<div class=\"elementor-widget-container\">\n\t\t\t\t\t\t\t\t\t\t\t\t\t\t\t\t<a href=\"https:\/\/lundaserver.lundaman.se\/\" target=\"_blank\">\n\t\t\t\t\t\t\t<img decoding=\"async\" width=\"307\" height=\"307\" src=\"https:\/\/lundaman.se\/wp-content\/uploads\/2023\/11\/GDM-Icon-Server.png\" class=\"attachment-large size-large wp-image-1355\" alt=\"GDM Icon Server\" srcset=\"https:\/\/lundaman.se\/wp-content\/uploads\/2023\/11\/GDM-Icon-Server.png 307w, https:\/\/lundaman.se\/wp-content\/uploads\/2023\/11\/GDM-Icon-Server-300x300.png 300w, https:\/\/lundaman.se\/wp-content\/uploads\/2023\/11\/GDM-Icon-Server-150x150.png 150w\" sizes=\"(max-width: 307px) 100vw, 307px\" title=\"\">\t\t\t\t\t\t\t\t<\/a>\n\t\t\t\t\t\t\t\t\t\t\t\t\t\t\t<\/div>\n\t\t\t\t<\/div>\n\t\t\t\t<div class=\"elementor-element elementor-element-5455477 elementor-widget elementor-widget-heading\" data-id=\"5455477\" data-element_type=\"widget\" data-e-type=\"widget\" data-widget_type=\"heading.default\">\n\t\t\t\t<div class=\"elementor-widget-container\">\n\t\t\t\t\t<h4 class=\"elementor-heading-title elementor-size-default\"><a href=\"https:\/\/lundaserver.lundaman.se\/\" target=\"_blank\">LUNDASERVER 2.0<\/a><\/h4>\t\t\t\t<\/div>\n\t\t\t\t<\/div>\n\t\t\t\t<div class=\"elementor-element elementor-element-d059a71 elementor-align-center elementor-widget elementor-widget-button\" data-id=\"d059a71\" data-element_type=\"widget\" data-e-type=\"widget\" data-widget_type=\"button.default\">\n\t\t\t\t<div class=\"elementor-widget-container\">\n\t\t\t\t\t\t\t\t\t<div class=\"elementor-button-wrapper\">\n\t\t\t\t\t<a class=\"elementor-button elementor-button-link elementor-size-sm\" href=\"https:\/\/lundaserver.lundaman.se\/\" target=\"_blank\">\n\t\t\t\t\t\t<span class=\"elementor-button-content-wrapper\">\n\t\t\t\t\t\t\t\t\t<span class=\"elementor-button-text\">Logga in<\/span>\n\t\t\t\t\t<\/span>\n\t\t\t\t\t<\/a>\n\t\t\t\t<\/div>\n\t\t\t\t\t\t\t\t<\/div>\n\t\t\t\t<\/div>\n\t\t\t\t<\/div>\n\t\t\t\t<\/div>\n\t\t\t\t<\/div>\n\t\t\t\t\t<\/div>\n\t\t\t\t<\/div>\n\t\t\t\t<section class=\"elementor-section elementor-top-section elementor-element elementor-element-b72d631 elementor-reverse-mobile elementor-section-boxed elementor-section-height-default elementor-section-height-default\" data-id=\"b72d631\" data-element_type=\"section\" data-e-type=\"section\" data-settings=\"{&quot;background_background&quot;:&quot;classic&quot;}\">\n\t\t\t\t\t\t<div class=\"elementor-container elementor-column-gap-default\">\n\t\t\t\t\t<div class=\"elementor-column elementor-col-100 elementor-top-column elementor-element elementor-element-cb350a7\" data-id=\"cb350a7\" data-element_type=\"column\" data-e-type=\"column\">\n\t\t\t<div class=\"elementor-widget-wrap elementor-element-populated\">\n\t\t\t\t\t\t<div class=\"elementor-element elementor-element-673253d elementor-widget elementor-widget-heading\" data-id=\"673253d\" data-element_type=\"widget\" data-e-type=\"widget\" data-widget_type=\"heading.default\">\n\t\t\t\t<div class=\"elementor-widget-container\">\n\t\t\t\t\t<h2 class=\"elementor-heading-title elementor-size-default\">Se en exempel vy<\/h2>\t\t\t\t<\/div>\n\t\t\t\t<\/div>\n\t\t\t\t<div class=\"elementor-element elementor-element-0823f0c elementor-widget elementor-widget-image\" data-id=\"0823f0c\" data-element_type=\"widget\" data-e-type=\"widget\" data-widget_type=\"image.default\">\n\t\t\t\t<div class=\"elementor-widget-container\">\n\t\t\t\t\t\t\t\t\t\t\t\t\t\t\t<img decoding=\"async\" width=\"400\" height=\"300\" src=\"https:\/\/lundaman.se\/wp-content\/uploads\/2023\/11\/5f6cb39764c201f2e178ce60_Mockup-databas__1_-removebg-preview-e1700573366108.png\" class=\"attachment-large size-large wp-image-1842\" alt=\"5f6cb39764c201f2e178ce60 Mockup databas  1  removebg preview e1700573366108\" srcset=\"https:\/\/lundaman.se\/wp-content\/uploads\/2023\/11\/5f6cb39764c201f2e178ce60_Mockup-databas__1_-removebg-preview-e1700573366108.png 400w, https:\/\/lundaman.se\/wp-content\/uploads\/2023\/11\/5f6cb39764c201f2e178ce60_Mockup-databas__1_-removebg-preview-e1700573366108-300x225.png 300w\" sizes=\"(max-width: 400px) 100vw, 400px\" title=\"\">\t\t\t\t\t\t\t\t\t\t\t\t\t\t\t<\/div>\n\t\t\t\t<\/div>\n\t\t\t\t<div class=\"elementor-element elementor-element-54f3cbf elementor-align-center elementor-mobile-align-center elementor-widget elementor-widget-button\" data-id=\"54f3cbf\" data-element_type=\"widget\" data-e-type=\"widget\" data-widget_type=\"button.default\">\n\t\t\t\t<div class=\"elementor-widget-container\">\n\t\t\t\t\t\t\t\t\t<div class=\"elementor-button-wrapper\">\n\t\t\t\t\t<a class=\"elementor-button elementor-button-link elementor-size-sm\" href=\"#logga-in\">\n\t\t\t\t\t\t<span class=\"elementor-button-content-wrapper\">\n\t\t\t\t\t\t\t\t\t<span class=\"elementor-button-text\">V\u00e4lj server<\/span>\n\t\t\t\t\t<\/span>\n\t\t\t\t\t<\/a>\n\t\t\t\t<\/div>\n\t\t\t\t\t\t\t\t<\/div>\n\t\t\t\t<\/div>\n\t\t\t\t\t<\/div>\n\t\t<\/div>\n\t\t\t\t\t<\/div>\n\t\t<\/section>\n\t\t\t\t<\/div>\n\t\t","protected":false},"excerpt":{"rendered":"<p>Lundaserver Nyhet &#8211; Uppdaterade Lundaserver 2.1 \u00e4r \u00e4ntligen h\u00e4r! F\u00f6r demo s\u00e5 n\u00e5r ni oss p\u00e5 046-291560 alternativt info@lundaman.se Molnbaserat v\u00e5gsystem med kommunikation mot LundaServer! Ni kan enkelt och smidigt hantera v\u00e5gen direkt fr\u00e5n LundaServer 2.0. H\u00e4r kan ni hantera era register, se \u00f6ver vad som lastats ut och hur mycket ni k\u00f6rt internt, skicka [&hellip;]<\/p>\n","protected":false},"author":2,"featured_media":0,"parent":0,"menu_order":0,"comment_status":"closed","ping_status":"closed","template":"","meta":{"site-sidebar-layout":"no-sidebar","site-content-layout":"page-builder","ast-site-content-layout":"full-width-container","site-content-style":"default","site-sidebar-style":"default","ast-global-header-display":"","ast-banner-title-visibility":"","ast-main-header-display":"","ast-hfb-above-header-display":"","ast-hfb-below-header-display":"","ast-hfb-mobile-header-display":"","site-post-title":"disabled","ast-breadcrumbs-content":"","ast-featured-img":"disabled","footer-sml-layout":"","theme-transparent-header-meta":"","adv-header-id-meta":"","stick-header-meta":"","header-above-stick-meta":"","header-main-stick-meta":"","header-below-stick-meta":"","astra-migrate-meta-layouts":"set","ast-page-background-enabled":"default","ast-page-background-meta":{"desktop":{"background-color":"var(--ast-global-color-4)","background-image":"","background-repeat":"repeat","background-position":"center center","background-size":"auto","background-attachment":"scroll","background-type":"","background-media":"","overlay-type":"","overlay-color":"","overlay-opacity":"","overlay-gradient":""},"tablet":{"background-color":"","background-image":"","background-repeat":"repeat","background-position":"center center","background-size":"auto","background-attachment":"scroll","background-type":"","background-media":"","overlay-type":"","overlay-color":"","overlay-opacity":"","overlay-gradient":""},"mobile":{"background-color":"","background-image":"","background-repeat":"repeat","background-position":"center center","background-size":"auto","background-attachment":"scroll","background-type":"","background-media":"","overlay-type":"","overlay-color":"","overlay-opacity":"","overlay-gradient":""}},"ast-content-background-meta":{"desktop":{"background-color":"var(--ast-global-color-5)","background-image":"","background-repeat":"repeat","background-position":"center center","background-size":"auto","background-attachment":"scroll","background-type":"","background-media":"","overlay-type":"","overlay-color":"","overlay-opacity":"","overlay-gradient":""},"tablet":{"background-color":"var(--ast-global-color-5)","background-image":"","background-repeat":"repeat","background-position":"center center","background-size":"auto","background-attachment":"scroll","background-type":"","background-media":"","overlay-type":"","overlay-color":"","overlay-opacity":"","overlay-gradient":""},"mobile":{"background-color":"var(--ast-global-color-5)","background-image":"","background-repeat":"repeat","background-position":"center center","background-size":"auto","background-attachment":"scroll","background-type":"","background-media":"","overlay-type":"","overlay-color":"","overlay-opacity":"","overlay-gradient":""}},"footnotes":""},"class_list":["post-1743","page","type-page","status-publish","hentry"],"_links":{"self":[{"href":"https:\/\/lundaman.se\/en\/wp-json\/wp\/v2\/pages\/1743","targetHints":{"allow":["GET"]}}],"collection":[{"href":"https:\/\/lundaman.se\/en\/wp-json\/wp\/v2\/pages"}],"about":[{"href":"https:\/\/lundaman.se\/en\/wp-json\/wp\/v2\/types\/page"}],"author":[{"embeddable":true,"href":"https:\/\/lundaman.se\/en\/wp-json\/wp\/v2\/users\/2"}],"replies":[{"embeddable":true,"href":"https:\/\/lundaman.se\/en\/wp-json\/wp\/v2\/comments?post=1743"}],"version-history":[{"count":85,"href":"https:\/\/lundaman.se\/en\/wp-json\/wp\/v2\/pages\/1743\/revisions"}],"predecessor-version":[{"id":3944,"href":"https:\/\/lundaman.se\/en\/wp-json\/wp\/v2\/pages\/1743\/revisions\/3944"}],"wp:attachment":[{"href":"https:\/\/lundaman.se\/en\/wp-json\/wp\/v2\/media?parent=1743"}],"curies":[{"name":"wp","href":"https:\/\/api.w.org\/{rel}","templated":true}]}}