{"id":1815,"date":"2023-11-21T12:59:35","date_gmt":"2023-11-21T12:59:35","guid":{"rendered":"https:\/\/lundaman.se\/?page_id=1815"},"modified":"2026-04-17T07:54:13","modified_gmt":"2026-04-17T07:54:13","slug":"lundaman-skrivare","status":"publish","type":"page","link":"http:\/\/lundaman.se\/no\/lundaman-skrivare\/","title":{"rendered":"Lundaman skrivare"},"content":{"rendered":"<div data-elementor-type=\"wp-page\" data-elementor-id=\"1815\" class=\"elementor elementor-1815\" data-elementor-post-type=\"page\">\n\t\t\t\t\t\t<section class=\"elementor-section elementor-top-section elementor-element elementor-element-a8b162a elementor-section-height-min-height elementor-section-boxed elementor-section-height-default elementor-section-items-middle\" data-id=\"a8b162a\" data-element_type=\"section\" data-e-type=\"section\" data-settings=\"{&quot;background_background&quot;:&quot;classic&quot;}\">\n\t\t\t\t\t\t\t<div class=\"elementor-background-overlay\"><\/div>\n\t\t\t\t\t\t\t<div class=\"elementor-container elementor-column-gap-default\">\n\t\t\t\t\t<div class=\"elementor-column elementor-col-100 elementor-top-column elementor-element elementor-element-274a0a1\" data-id=\"274a0a1\" data-element_type=\"column\" data-e-type=\"column\">\n\t\t\t<div class=\"elementor-widget-wrap elementor-element-populated\">\n\t\t\t\t\t\t<div class=\"elementor-element elementor-element-a19e365 elementor-widget elementor-widget-heading\" data-id=\"a19e365\" data-element_type=\"widget\" data-e-type=\"widget\" data-widget_type=\"heading.default\">\n\t\t\t\t<div class=\"elementor-widget-container\">\n\t\t\t\t\t<h1 class=\"elementor-heading-title elementor-size-default\">Printer i kabinen<\/h1>\t\t\t\t<\/div>\n\t\t\t\t<\/div>\n\t\t\t\t\t<\/div>\n\t\t<\/div>\n\t\t\t\t\t<\/div>\n\t\t<\/section>\n\t\t\t\t<section class=\"elementor-section elementor-top-section elementor-element elementor-element-516d811 elementor-section-boxed elementor-section-height-default elementor-section-height-default\" data-id=\"516d811\" data-element_type=\"section\" data-e-type=\"section\" data-settings=\"{&quot;background_background&quot;:&quot;classic&quot;}\">\n\t\t\t\t\t\t<div class=\"elementor-container elementor-column-gap-default\">\n\t\t\t\t\t<div class=\"elementor-column elementor-col-50 elementor-top-column elementor-element elementor-element-65343a9\" data-id=\"65343a9\" data-element_type=\"column\" data-e-type=\"column\">\n\t\t\t<div class=\"elementor-widget-wrap elementor-element-populated\">\n\t\t\t\t\t\t<div class=\"elementor-element elementor-element-82ad3d6 elementor-widget elementor-widget-text-editor\" data-id=\"82ad3d6\" data-element_type=\"widget\" data-e-type=\"widget\" data-widget_type=\"text-editor.default\">\n\t\t\t\t<div class=\"elementor-widget-container\">\n\t\t\t\t\t\t\t\t\t<h2>Termisk skriver<\/h2><p>Dere kan koble en skriver til hjullastervekten, som skriver ut en fullstendig veieseddel.<\/p><p>P\u00e5 veieseddelen finnes opplysninger som blant annet kunde, bilnummer, registreringsbokstav eller det som ble oppgitt direkte i vekten eller registrert p\u00e5 kj\u00f8reordren som sendes fra kontoret.<\/p><p>Vektslippen inneholder informasjon om skuffevekt, totalvekt, dato og klokkeslett samt en fast tekst som er forh\u00e5ndsprogrammert med for eksempel firmanavn, materiell, kunde, arbeidssted eller bilnummer, etc.<\/p><p>Skriveren v\u00e5r er robust og kan plasseres b\u00e5de horisontalt og vertikalt. Med den nye Lundaman-termografiske skriveren kan man f\u00e5 CE-merking direkte p\u00e5 kvitteringen.<\/p><h2>Digital kvittering<\/h2><p>N\u00e5 kan du ogs\u00e5 sende kvitteringene dine digitalt med din Lundaman P2. Kvitteringen sendes automatisk i PDF-format n\u00e5r lastingen er fullf\u00f8rt, og g\u00e5r direkte til kundens e-postadresse. \u00a0<\/p>\t\t\t\t\t\t\t\t<\/div>\n\t\t\t\t<\/div>\n\t\t\t\t<div class=\"elementor-element elementor-element-172075e elementor-align-left elementor-mobile-align-center elementor-widget elementor-widget-button\" data-id=\"172075e\" data-element_type=\"widget\" data-e-type=\"widget\" data-widget_type=\"button.default\">\n\t\t\t\t<div class=\"elementor-widget-container\">\n\t\t\t\t\t\t\t\t\t<div class=\"elementor-button-wrapper\">\n\t\t\t\t\t<a class=\"elementor-button elementor-button-link elementor-size-sm\" href=\"\/no\/kontakt\/\">\n\t\t\t\t\t\t<span class=\"elementor-button-content-wrapper\">\n\t\t\t\t\t\t\t\t\t<span class=\"elementor-button-text\">Kontakt oss<\/span>\n\t\t\t\t\t<\/span>\n\t\t\t\t\t<\/a>\n\t\t\t\t<\/div>\n\t\t\t\t\t\t\t\t<\/div>\n\t\t\t\t<\/div>\n\t\t\t\t\t<\/div>\n\t\t<\/div>\n\t\t\t\t<div class=\"elementor-column elementor-col-50 elementor-top-column elementor-element elementor-element-8161422\" data-id=\"8161422\" data-element_type=\"column\" data-e-type=\"column\">\n\t\t\t<div class=\"elementor-widget-wrap elementor-element-populated\">\n\t\t\t\t\t\t<div class=\"elementor-element elementor-element-15ab670 elementor-widget elementor-widget-image\" data-id=\"15ab670\" data-element_type=\"widget\" data-e-type=\"widget\" data-widget_type=\"image.default\">\n\t\t\t\t<div class=\"elementor-widget-container\">\n\t\t\t\t\t\t\t\t\t\t\t\t\t\t\t<img decoding=\"async\" width=\"1000\" height=\"1000\" src=\"https:\/\/lundaman.se\/wp-content\/uploads\/2023\/11\/printer-2.png\" class=\"attachment-large size-large wp-image-1817\" alt=\"printer 2\" srcset=\"https:\/\/lundaman.se\/wp-content\/uploads\/2023\/11\/printer-2.png 1000w, https:\/\/lundaman.se\/wp-content\/uploads\/2023\/11\/printer-2-300x300.png 300w, https:\/\/lundaman.se\/wp-content\/uploads\/2023\/11\/printer-2-150x150.png 150w, https:\/\/lundaman.se\/wp-content\/uploads\/2023\/11\/printer-2-768x768.png 768w\" sizes=\"(max-width: 1000px) 100vw, 1000px\" title=\"\">\t\t\t\t\t\t\t\t\t\t\t\t\t\t\t<\/div>\n\t\t\t\t<\/div>\n\t\t\t\t\t<\/div>\n\t\t<\/div>\n\t\t\t\t\t<\/div>\n\t\t<\/section>\n\t\t\t\t<\/div>","protected":false},"excerpt":{"rendered":"<p>Skrivare i hytten Termoskrivare Till hjullastarv\u00e5gen kan ni ansluta en skrivare som skriver ut en komplett v\u00e5gsedel. P\u00e5 v\u00e5gsedeln finns uppgifter som bland annat kund, bilnummer, littra eller det som angavs direkt i v\u00e5gen eller som registrerades p\u00e5 k\u00f6rordern som skickas fr\u00e5n kontoret. P\u00e5 v\u00e5gsedeln finns uppgifter om skopvikt, totalvikt, datum och klockslag samt en [&hellip;]<\/p>\n","protected":false},"author":2,"featured_media":0,"parent":0,"menu_order":0,"comment_status":"closed","ping_status":"closed","template":"","meta":{"site-sidebar-layout":"no-sidebar","site-content-layout":"page-builder","ast-site-content-layout":"full-width-container","site-content-style":"default","site-sidebar-style":"default","ast-global-header-display":"","ast-banner-title-visibility":"","ast-main-header-display":"","ast-hfb-above-header-display":"","ast-hfb-below-header-display":"","ast-hfb-mobile-header-display":"","site-post-title":"disabled","ast-breadcrumbs-content":"","ast-featured-img":"disabled","footer-sml-layout":"","theme-transparent-header-meta":"","adv-header-id-meta":"","stick-header-meta":"","header-above-stick-meta":"","header-main-stick-meta":"","header-below-stick-meta":"","astra-migrate-meta-layouts":"set","ast-page-background-enabled":"default","ast-page-background-meta":{"desktop":{"background-color":"var(--ast-global-color-4)","background-image":"","background-repeat":"repeat","background-position":"center center","background-size":"auto","background-attachment":"scroll","background-type":"","background-media":"","overlay-type":"","overlay-color":"","overlay-opacity":"","overlay-gradient":""},"tablet":{"background-color":"","background-image":"","background-repeat":"repeat","background-position":"center center","background-size":"auto","background-attachment":"scroll","background-type":"","background-media":"","overlay-type":"","overlay-color":"","overlay-opacity":"","overlay-gradient":""},"mobile":{"background-color":"","background-image":"","background-repeat":"repeat","background-position":"center center","background-size":"auto","background-attachment":"scroll","background-type":"","background-media":"","overlay-type":"","overlay-color":"","overlay-opacity":"","overlay-gradient":""}},"ast-content-background-meta":{"desktop":{"background-color":"var(--ast-global-color-5)","background-image":"","background-repeat":"repeat","background-position":"center center","background-size":"auto","background-attachment":"scroll","background-type":"","background-media":"","overlay-type":"","overlay-color":"","overlay-opacity":"","overlay-gradient":""},"tablet":{"background-color":"var(--ast-global-color-5)","background-image":"","background-repeat":"repeat","background-position":"center center","background-size":"auto","background-attachment":"scroll","background-type":"","background-media":"","overlay-type":"","overlay-color":"","overlay-opacity":"","overlay-gradient":""},"mobile":{"background-color":"var(--ast-global-color-5)","background-image":"","background-repeat":"repeat","background-position":"center center","background-size":"auto","background-attachment":"scroll","background-type":"","background-media":"","overlay-type":"","overlay-color":"","overlay-opacity":"","overlay-gradient":""}},"footnotes":""},"class_list":["post-1815","page","type-page","status-publish","hentry"],"_links":{"self":[{"href":"http:\/\/lundaman.se\/no\/wp-json\/wp\/v2\/pages\/1815","targetHints":{"allow":["GET"]}}],"collection":[{"href":"http:\/\/lundaman.se\/no\/wp-json\/wp\/v2\/pages"}],"about":[{"href":"http:\/\/lundaman.se\/no\/wp-json\/wp\/v2\/types\/page"}],"author":[{"embeddable":true,"href":"http:\/\/lundaman.se\/no\/wp-json\/wp\/v2\/users\/2"}],"replies":[{"embeddable":true,"href":"http:\/\/lundaman.se\/no\/wp-json\/wp\/v2\/comments?post=1815"}],"version-history":[{"count":28,"href":"http:\/\/lundaman.se\/no\/wp-json\/wp\/v2\/pages\/1815\/revisions"}],"predecessor-version":[{"id":4447,"href":"http:\/\/lundaman.se\/no\/wp-json\/wp\/v2\/pages\/1815\/revisions\/4447"}],"wp:attachment":[{"href":"http:\/\/lundaman.se\/no\/wp-json\/wp\/v2\/media?parent=1815"}],"curies":[{"name":"wp","href":"https:\/\/api.w.org\/{rel}","templated":true}]}}