{"id":1806,"date":"2023-11-21T12:51:51","date_gmt":"2023-11-21T12:51:51","guid":{"rendered":"https:\/\/lundaman.se\/?page_id=1806"},"modified":"2025-01-28T13:15:50","modified_gmt":"2025-01-28T13:15:50","slug":"startsparr","status":"publish","type":"page","link":"http:\/\/lundaman.se\/no\/startsparr\/","title":{"rendered":"Startsperre"},"content":{"rendered":"<div data-elementor-type=\"wp-page\" data-elementor-id=\"1806\" class=\"elementor elementor-1806\" data-elementor-post-type=\"page\">\n\t\t\t\t\t\t<section class=\"elementor-section elementor-top-section elementor-element elementor-element-a1db3dd elementor-section-height-min-height elementor-section-boxed elementor-section-height-default elementor-section-items-middle\" data-id=\"a1db3dd\" data-element_type=\"section\" data-e-type=\"section\" data-settings=\"{&quot;background_background&quot;:&quot;classic&quot;}\">\n\t\t\t\t\t\t\t<div class=\"elementor-background-overlay\"><\/div>\n\t\t\t\t\t\t\t<div class=\"elementor-container elementor-column-gap-default\">\n\t\t\t\t\t<div class=\"elementor-column elementor-col-100 elementor-top-column elementor-element elementor-element-d0b7e2d\" data-id=\"d0b7e2d\" data-element_type=\"column\" data-e-type=\"column\">\n\t\t\t<div class=\"elementor-widget-wrap elementor-element-populated\">\n\t\t\t\t\t\t<div class=\"elementor-element elementor-element-f254f50 elementor-widget elementor-widget-heading\" data-id=\"f254f50\" data-element_type=\"widget\" data-e-type=\"widget\" data-widget_type=\"heading.default\">\n\t\t\t\t<div class=\"elementor-widget-container\">\n\t\t\t\t\t<h1 class=\"elementor-heading-title elementor-size-default\">Startsperre for hjullastervekten<\/h1>\t\t\t\t<\/div>\n\t\t\t\t<\/div>\n\t\t\t\t\t<\/div>\n\t\t<\/div>\n\t\t\t\t\t<\/div>\n\t\t<\/section>\n\t\t\t\t<section class=\"elementor-section elementor-top-section elementor-element elementor-element-84fa518 elementor-section-boxed elementor-section-height-default elementor-section-height-default\" data-id=\"84fa518\" data-element_type=\"section\" data-e-type=\"section\" data-settings=\"{&quot;background_background&quot;:&quot;classic&quot;}\">\n\t\t\t\t\t\t<div class=\"elementor-container elementor-column-gap-default\">\n\t\t\t\t\t<div class=\"elementor-column elementor-col-50 elementor-top-column elementor-element elementor-element-0ee2f47\" data-id=\"0ee2f47\" data-element_type=\"column\" data-e-type=\"column\">\n\t\t\t<div class=\"elementor-widget-wrap elementor-element-populated\">\n\t\t\t\t\t\t<div class=\"elementor-element elementor-element-7253f9f elementor-widget__width-initial elementor-widget elementor-widget-text-editor\" data-id=\"7253f9f\" data-element_type=\"widget\" data-e-type=\"widget\" data-widget_type=\"text-editor.default\">\n\t\t\t\t<div class=\"elementor-widget-container\">\n\t\t\t\t\t\t\t\t\t<h2>Hjullastervekt med startsp\u00e6rre<\/h2>\n<p>For hver ekstra skuffe med materiale som maskinf\u00f8reren overser eller glemmer \u00e5 rapportere, blir det et kostbart materialspill for entrepren\u00f8rfirmaet.&nbsp;<br>P\u00e5 \u00e5rsbasis dreier det seg om ganske store bel\u00f8p. For \u00e5 f\u00e5 bukt med problemet lanserte Lundaman Instrument en startsp\u00e6rre p\u00e5 Lundaman P2. Funksjonen gj\u00f8r det ogs\u00e5 enklere \u00e5 kontrollere at arbeidstidsbestemmelsene overholdes i henhold til utvinningskonsesjonen.<\/p>\n<p>Vi tilbyr ogs\u00e5 GPS-sporing som tilleggsutstyr, noe som gir dere muligheten til \u00e5 sikre b\u00e5de maskiner og utstyr.&nbsp;<br>Med&nbsp;<a href=\"https:\/\/lundaman.se\/no\/gps-sparning\/\" target=\"_blank\">GPS-sporing<\/a>&nbsp;f\u00e5r dere ogs\u00e5 oversikt over hvor maskinen befant seg og hvor den lastet, slik at dette stemmer overens med det valgte materialet i transaksjonen.&nbsp;<\/p>\t\t\t\t\t\t\t\t<\/div>\n\t\t\t\t<\/div>\n\t\t\t\t<div class=\"elementor-element elementor-element-d5e64b5 elementor-align-left elementor-mobile-align-center elementor-widget elementor-widget-button\" data-id=\"d5e64b5\" data-element_type=\"widget\" data-e-type=\"widget\" data-widget_type=\"button.default\">\n\t\t\t\t<div class=\"elementor-widget-container\">\n\t\t\t\t\t\t\t\t\t<div class=\"elementor-button-wrapper\">\n\t\t\t\t\t<a class=\"elementor-button elementor-button-link elementor-size-sm\" href=\"\/no\/kontakt\/\">\n\t\t\t\t\t\t<span class=\"elementor-button-content-wrapper\">\n\t\t\t\t\t\t\t\t\t<span class=\"elementor-button-text\">Kontakt oss<\/span>\n\t\t\t\t\t<\/span>\n\t\t\t\t\t<\/a>\n\t\t\t\t<\/div>\n\t\t\t\t\t\t\t\t<\/div>\n\t\t\t\t<\/div>\n\t\t\t\t\t<\/div>\n\t\t<\/div>\n\t\t\t\t<div class=\"elementor-column elementor-col-50 elementor-top-column elementor-element elementor-element-ccb61ad\" data-id=\"ccb61ad\" data-element_type=\"column\" data-e-type=\"column\">\n\t\t\t<div class=\"elementor-widget-wrap elementor-element-populated\">\n\t\t\t\t\t\t<div class=\"elementor-element elementor-element-52b9535 elementor-widget elementor-widget-image\" data-id=\"52b9535\" data-element_type=\"widget\" data-e-type=\"widget\" data-widget_type=\"image.default\">\n\t\t\t\t<div class=\"elementor-widget-container\">\n\t\t\t\t\t\t\t\t\t\t\t\t\t\t\t<img decoding=\"async\" width=\"761\" height=\"778\" src=\"https:\/\/lundaman.se\/wp-content\/uploads\/2024\/01\/ljungbymaskin-med-lundaman-matni.webp\" class=\"attachment-large size-large wp-image-3749\" alt=\"ljungbymaskin med lundaman matni\" srcset=\"https:\/\/lundaman.se\/wp-content\/uploads\/2024\/01\/ljungbymaskin-med-lundaman-matni.webp 761w, https:\/\/lundaman.se\/wp-content\/uploads\/2024\/01\/ljungbymaskin-med-lundaman-matni-293x300.webp 293w, https:\/\/lundaman.se\/wp-content\/uploads\/2024\/01\/ljungbymaskin-med-lundaman-matni-12x12.webp 12w\" sizes=\"(max-width: 761px) 100vw, 761px\" title=\"\">\t\t\t\t\t\t\t\t\t\t\t\t\t\t\t<\/div>\n\t\t\t\t<\/div>\n\t\t\t\t\t<\/div>\n\t\t<\/div>\n\t\t\t\t\t<\/div>\n\t\t<\/section>\n\t\t\t\t<section class=\"elementor-section elementor-top-section elementor-element elementor-element-7db8d02 elementor-reverse-mobile elementor-section-boxed elementor-section-height-default elementor-section-height-default\" data-id=\"7db8d02\" data-element_type=\"section\" data-e-type=\"section\" data-settings=\"{&quot;background_background&quot;:&quot;classic&quot;}\">\n\t\t\t\t\t\t<div class=\"elementor-container elementor-column-gap-default\">\n\t\t\t\t\t<div class=\"elementor-column elementor-col-50 elementor-top-column elementor-element elementor-element-8347162\" data-id=\"8347162\" data-element_type=\"column\" data-e-type=\"column\">\n\t\t\t<div class=\"elementor-widget-wrap elementor-element-populated\">\n\t\t\t\t\t\t<div class=\"elementor-element elementor-element-4ea99aa elementor-widget elementor-widget-image\" data-id=\"4ea99aa\" data-element_type=\"widget\" data-e-type=\"widget\" data-widget_type=\"image.default\">\n\t\t\t\t<div class=\"elementor-widget-container\">\n\t\t\t\t\t\t\t\t\t\t\t\t\t\t\t\t<a href=\"https:\/\/lundaserver.lundaman.se\/\" target=\"_blank\">\n\t\t\t\t\t\t\t<img decoding=\"async\" width=\"1024\" height=\"1024\" src=\"https:\/\/lundaman.se\/wp-content\/uploads\/2023\/11\/Hjullastare-med-hjullastarvag-1024x1024.jpg\" class=\"attachment-large size-large wp-image-1416\" alt=\"Hjullastare med hjullastarvag\" srcset=\"https:\/\/lundaman.se\/wp-content\/uploads\/2023\/11\/Hjullastare-med-hjullastarvag-1024x1024.jpg 1024w, https:\/\/lundaman.se\/wp-content\/uploads\/2023\/11\/Hjullastare-med-hjullastarvag-300x300.jpg 300w, https:\/\/lundaman.se\/wp-content\/uploads\/2023\/11\/Hjullastare-med-hjullastarvag-150x150.jpg 150w, https:\/\/lundaman.se\/wp-content\/uploads\/2023\/11\/Hjullastare-med-hjullastarvag-768x768.jpg 768w, https:\/\/lundaman.se\/wp-content\/uploads\/2023\/11\/Hjullastare-med-hjullastarvag.jpg 1143w\" sizes=\"(max-width: 1024px) 100vw, 1024px\" title=\"\">\t\t\t\t\t\t\t\t<\/a>\n\t\t\t\t\t\t\t\t\t\t\t\t\t\t\t<\/div>\n\t\t\t\t<\/div>\n\t\t\t\t\t<\/div>\n\t\t<\/div>\n\t\t\t\t<div class=\"elementor-column elementor-col-50 elementor-top-column elementor-element elementor-element-8b4a36b\" data-id=\"8b4a36b\" data-element_type=\"column\" data-e-type=\"column\">\n\t\t\t<div class=\"elementor-widget-wrap elementor-element-populated\">\n\t\t\t\t\t\t<div class=\"elementor-element elementor-element-6c55fb6 elementor-widget elementor-widget-text-editor\" data-id=\"6c55fb6\" data-element_type=\"widget\" data-e-type=\"widget\" data-widget_type=\"text-editor.default\">\n\t\t\t\t<div class=\"elementor-widget-container\">\n\t\t\t\t\t\t\t\t\t<h2>Hold styr p\u00e5 kostnadene<\/h2>\n<p class=\"translation-block\">Det er viktig \u00e5 holde oversikt over kostnadene dine og f\u00f8lge myndighetenes forskrifter om arbeidstid. Med Lundaman Instruments nye startsperre blir dette mulig. Hver maskinf\u00f8rer mottar en personlig kode for belastningsvekten der startsperren er plassert. Den registrerer alle l\u00f8ft som den respektive sj\u00e5f\u00f8ren utf\u00f8rer med hjullasteren. <b>Denne informasjonen sammenlignes deretter med innsendte kvitteringer og arbeidsordrer<\/b>. Informasjonen viser ogs\u00e5 mellom hvilke tider p\u00e5 d\u00f8gnet arbeidet ble utf\u00f8rt. Dersom arbeidet foreg\u00e5r i n\u00e6rliggende boligomr\u00e5der, skal regelverket f\u00f8lges dersom man vil unng\u00e5 b\u00f8ter.<\/p>\n<p>Siden hver sj\u00e5f\u00f8r har en personlig kode, vet entrepren\u00f8rfirmaet hvem de skal henvende seg til for \u00e5 utbedre eventuelle feil. Dette sparer b\u00e5de mye tid og penger.<\/p>\t\t\t\t\t\t\t\t<\/div>\n\t\t\t\t<\/div>\n\t\t\t\t<div class=\"elementor-element elementor-element-91ead4e elementor-align-left elementor-mobile-align-center elementor-widget elementor-widget-button\" data-id=\"91ead4e\" data-element_type=\"widget\" data-e-type=\"widget\" data-widget_type=\"button.default\">\n\t\t\t\t<div class=\"elementor-widget-container\">\n\t\t\t\t\t\t\t\t\t<div class=\"elementor-button-wrapper\">\n\t\t\t\t\t<a class=\"elementor-button elementor-button-link elementor-size-sm\" href=\"\/no\/kontakt\/\">\n\t\t\t\t\t\t<span class=\"elementor-button-content-wrapper\">\n\t\t\t\t\t\t\t\t\t<span class=\"elementor-button-text\">Kontakt oss<\/span>\n\t\t\t\t\t<\/span>\n\t\t\t\t\t<\/a>\n\t\t\t\t<\/div>\n\t\t\t\t\t\t\t\t<\/div>\n\t\t\t\t<\/div>\n\t\t\t\t\t<\/div>\n\t\t<\/div>\n\t\t\t\t\t<\/div>\n\t\t<\/section>\n\t\t\t\t<section class=\"elementor-section elementor-top-section elementor-element elementor-element-6d3bd6c elementor-section-boxed elementor-section-height-default elementor-section-height-default\" data-id=\"6d3bd6c\" data-element_type=\"section\" data-e-type=\"section\" data-settings=\"{&quot;background_background&quot;:&quot;classic&quot;}\">\n\t\t\t\t\t\t<div class=\"elementor-container elementor-column-gap-default\">\n\t\t\t\t\t<div class=\"elementor-column elementor-col-50 elementor-top-column elementor-element elementor-element-95f1059\" data-id=\"95f1059\" data-element_type=\"column\" data-e-type=\"column\">\n\t\t\t<div class=\"elementor-widget-wrap elementor-element-populated\">\n\t\t\t\t\t\t<div class=\"elementor-element elementor-element-69b95b2 elementor-widget elementor-widget-text-editor\" data-id=\"69b95b2\" data-element_type=\"widget\" data-e-type=\"widget\" data-widget_type=\"text-editor.default\">\n\t\t\t\t<div class=\"elementor-widget-container\">\n\t\t\t\t\t\t\t\t\t<h2>En enklere administrativ hverdag<\/h2>\nI tillegg til \u00e5 holde oversikt over lastevekt og arbeidstid, letter Lundaman Professional-lastvekten ogs\u00e5 det daglige administrative arbeidet. All lagret informasjon fra belastningsvekten overf\u00f8res i en transaksjonsfil til kontordatamaskinen, tr\u00e5dl\u00f8st eller via minnekort. Den danner da grunnlag for fakturering og avstemming\t\t\t\t\t\t\t\t<\/div>\n\t\t\t\t<\/div>\n\t\t\t\t<div class=\"elementor-element elementor-element-cb45bc6 elementor-align-left elementor-mobile-align-center elementor-widget elementor-widget-button\" data-id=\"cb45bc6\" data-element_type=\"widget\" data-e-type=\"widget\" data-widget_type=\"button.default\">\n\t\t\t\t<div class=\"elementor-widget-container\">\n\t\t\t\t\t\t\t\t\t<div class=\"elementor-button-wrapper\">\n\t\t\t\t\t<a class=\"elementor-button elementor-button-link elementor-size-sm\" href=\"\/no\/kontakt\/\">\n\t\t\t\t\t\t<span class=\"elementor-button-content-wrapper\">\n\t\t\t\t\t\t\t\t\t<span class=\"elementor-button-text\">Kontakt oss<\/span>\n\t\t\t\t\t<\/span>\n\t\t\t\t\t<\/a>\n\t\t\t\t<\/div>\n\t\t\t\t\t\t\t\t<\/div>\n\t\t\t\t<\/div>\n\t\t\t\t\t<\/div>\n\t\t<\/div>\n\t\t\t\t<div class=\"elementor-column elementor-col-50 elementor-top-column elementor-element elementor-element-0614a94\" data-id=\"0614a94\" data-element_type=\"column\" data-e-type=\"column\">\n\t\t\t<div class=\"elementor-widget-wrap elementor-element-populated\">\n\t\t\t\t\t\t<div class=\"elementor-element elementor-element-918d06b elementor-widget elementor-widget-image\" data-id=\"918d06b\" data-element_type=\"widget\" data-e-type=\"widget\" data-widget_type=\"image.default\">\n\t\t\t\t<div class=\"elementor-widget-container\">\n\t\t\t\t\t\t\t\t\t\t\t\t\t\t\t\t<a href=\"https:\/\/lundaserver.lundaman.se\/\" target=\"_blank\">\n\t\t\t\t\t\t\t<img decoding=\"async\" width=\"1024\" height=\"573\" src=\"https:\/\/lundaman.se\/wp-content\/uploads\/2023\/11\/Skarmavbild_2019-05-10_kl_181702-1024x573.png\" class=\"attachment-large size-large wp-image-1809\" alt=\"Skarmavbild 2019 05 10 kl 181702\" srcset=\"https:\/\/lundaman.se\/wp-content\/uploads\/2023\/11\/Skarmavbild_2019-05-10_kl_181702-1024x573.png 1024w, https:\/\/lundaman.se\/wp-content\/uploads\/2023\/11\/Skarmavbild_2019-05-10_kl_181702-300x168.png 300w, https:\/\/lundaman.se\/wp-content\/uploads\/2023\/11\/Skarmavbild_2019-05-10_kl_181702-768x430.png 768w, https:\/\/lundaman.se\/wp-content\/uploads\/2023\/11\/Skarmavbild_2019-05-10_kl_181702-1536x860.png 1536w, https:\/\/lundaman.se\/wp-content\/uploads\/2023\/11\/Skarmavbild_2019-05-10_kl_181702.png 1645w\" sizes=\"(max-width: 1024px) 100vw, 1024px\" title=\"\">\t\t\t\t\t\t\t\t<\/a>\n\t\t\t\t\t\t\t\t\t\t\t\t\t\t\t<\/div>\n\t\t\t\t<\/div>\n\t\t\t\t\t<\/div>\n\t\t<\/div>\n\t\t\t\t\t<\/div>\n\t\t<\/section>\n\t\t\t\t<\/div>","protected":false},"excerpt":{"rendered":"<p>Startsp\u00e4rr f\u00f6r hjullastarv\u00e5gen Hjullastarv\u00e5g med startsp\u00e4rr F\u00f6r varje extra skopa material som maskinf\u00f6raren missar eller gl\u00f6mmer att redovisa blir det ett kostsamt materialsvinn f\u00f6r entreprenadf\u00f6retaget.&nbsp;P\u00e5 \u00e5rsbasis handlar det om ganska h\u00f6ga belopp. F\u00f6r att f\u00e5 bukt med problemet lanserade Lundaman Instrument en startsp\u00e4rr p\u00e5 Lundaman P2. Funktionen underl\u00e4ttar ocks\u00e5 kontrollen s\u00e5 att arbetstidsf\u00f6reskrifterna f\u00f6ljs enligt [&hellip;]<\/p>\n","protected":false},"author":2,"featured_media":0,"parent":0,"menu_order":0,"comment_status":"closed","ping_status":"closed","template":"","meta":{"site-sidebar-layout":"no-sidebar","site-content-layout":"page-builder","ast-site-content-layout":"full-width-container","site-content-style":"default","site-sidebar-style":"default","ast-global-header-display":"","ast-banner-title-visibility":"","ast-main-header-display":"","ast-hfb-above-header-display":"","ast-hfb-below-header-display":"","ast-hfb-mobile-header-display":"","site-post-title":"disabled","ast-breadcrumbs-content":"","ast-featured-img":"disabled","footer-sml-layout":"","theme-transparent-header-meta":"","adv-header-id-meta":"","stick-header-meta":"","header-above-stick-meta":"","header-main-stick-meta":"","header-below-stick-meta":"","astra-migrate-meta-layouts":"set","ast-page-background-enabled":"default","ast-page-background-meta":{"desktop":{"background-color":"var(--ast-global-color-4)","background-image":"","background-repeat":"repeat","background-position":"center center","background-size":"auto","background-attachment":"scroll","background-type":"","background-media":"","overlay-type":"","overlay-color":"","overlay-opacity":"","overlay-gradient":""},"tablet":{"background-color":"","background-image":"","background-repeat":"repeat","background-position":"center center","background-size":"auto","background-attachment":"scroll","background-type":"","background-media":"","overlay-type":"","overlay-color":"","overlay-opacity":"","overlay-gradient":""},"mobile":{"background-color":"","background-image":"","background-repeat":"repeat","background-position":"center center","background-size":"auto","background-attachment":"scroll","background-type":"","background-media":"","overlay-type":"","overlay-color":"","overlay-opacity":"","overlay-gradient":""}},"ast-content-background-meta":{"desktop":{"background-color":"var(--ast-global-color-5)","background-image":"","background-repeat":"repeat","background-position":"center center","background-size":"auto","background-attachment":"scroll","background-type":"","background-media":"","overlay-type":"","overlay-color":"","overlay-opacity":"","overlay-gradient":""},"tablet":{"background-color":"var(--ast-global-color-5)","background-image":"","background-repeat":"repeat","background-position":"center center","background-size":"auto","background-attachment":"scroll","background-type":"","background-media":"","overlay-type":"","overlay-color":"","overlay-opacity":"","overlay-gradient":""},"mobile":{"background-color":"var(--ast-global-color-5)","background-image":"","background-repeat":"repeat","background-position":"center center","background-size":"auto","background-attachment":"scroll","background-type":"","background-media":"","overlay-type":"","overlay-color":"","overlay-opacity":"","overlay-gradient":""}},"footnotes":""},"class_list":["post-1806","page","type-page","status-publish","hentry"],"_links":{"self":[{"href":"http:\/\/lundaman.se\/no\/wp-json\/wp\/v2\/pages\/1806","targetHints":{"allow":["GET"]}}],"collection":[{"href":"http:\/\/lundaman.se\/no\/wp-json\/wp\/v2\/pages"}],"about":[{"href":"http:\/\/lundaman.se\/no\/wp-json\/wp\/v2\/types\/page"}],"author":[{"embeddable":true,"href":"http:\/\/lundaman.se\/no\/wp-json\/wp\/v2\/users\/2"}],"replies":[{"embeddable":true,"href":"http:\/\/lundaman.se\/no\/wp-json\/wp\/v2\/comments?post=1806"}],"version-history":[{"count":29,"href":"http:\/\/lundaman.se\/no\/wp-json\/wp\/v2\/pages\/1806\/revisions"}],"predecessor-version":[{"id":4443,"href":"http:\/\/lundaman.se\/no\/wp-json\/wp\/v2\/pages\/1806\/revisions\/4443"}],"wp:attachment":[{"href":"http:\/\/lundaman.se\/no\/wp-json\/wp\/v2\/media?parent=1806"}],"curies":[{"name":"wp","href":"https:\/\/api.w.org\/{rel}","templated":true}]}}