{"id":1784,"date":"2023-11-21T12:43:52","date_gmt":"2023-11-21T12:43:52","guid":{"rendered":"https:\/\/lundaman.se\/?page_id=1784"},"modified":"2026-04-17T07:49:19","modified_gmt":"2026-04-17T07:49:19","slug":"kront-vag","status":"publish","type":"page","link":"http:\/\/lundaman.se\/no\/kront-vag\/","title":{"rendered":"Kronet b\u00f8lge"},"content":{"rendered":"<div data-elementor-type=\"wp-page\" data-elementor-id=\"1784\" class=\"elementor elementor-1784\" data-elementor-post-type=\"page\">\n\t\t\t\t\t\t<section class=\"elementor-section elementor-top-section elementor-element elementor-element-b1b7095 elementor-section-height-min-height elementor-section-boxed elementor-section-height-default elementor-section-items-middle\" data-id=\"b1b7095\" data-element_type=\"section\" data-e-type=\"section\" data-settings=\"{&quot;background_background&quot;:&quot;classic&quot;}\">\n\t\t\t\t\t\t\t<div class=\"elementor-background-overlay\"><\/div>\n\t\t\t\t\t\t\t<div class=\"elementor-container elementor-column-gap-default\">\n\t\t\t\t\t<div class=\"elementor-column elementor-col-100 elementor-top-column elementor-element elementor-element-c62bd9b\" data-id=\"c62bd9b\" data-element_type=\"column\" data-e-type=\"column\">\n\t\t\t<div class=\"elementor-widget-wrap elementor-element-populated\">\n\t\t\t\t\t\t<div class=\"elementor-element elementor-element-1be426d elementor-widget elementor-widget-heading\" data-id=\"1be426d\" data-element_type=\"widget\" data-e-type=\"widget\" data-widget_type=\"heading.default\">\n\t\t\t\t<div class=\"elementor-widget-container\">\n\t\t\t\t\t<h1 class=\"elementor-heading-title elementor-size-default\">Kronet b\u00f8lge<\/h1>\t\t\t\t<\/div>\n\t\t\t\t<\/div>\n\t\t\t\t\t<\/div>\n\t\t<\/div>\n\t\t\t\t\t<\/div>\n\t\t<\/section>\n\t\t\t\t<section class=\"elementor-section elementor-top-section elementor-element elementor-element-6294389 elementor-section-boxed elementor-section-height-default elementor-section-height-default\" data-id=\"6294389\" data-element_type=\"section\" data-e-type=\"section\" data-settings=\"{&quot;background_background&quot;:&quot;classic&quot;}\">\n\t\t\t\t\t\t<div class=\"elementor-container elementor-column-gap-default\">\n\t\t\t\t\t<div class=\"elementor-column elementor-col-50 elementor-top-column elementor-element elementor-element-36d7ecc\" data-id=\"36d7ecc\" data-element_type=\"column\" data-e-type=\"column\">\n\t\t\t<div class=\"elementor-widget-wrap elementor-element-populated\">\n\t\t\t\t\t\t<div class=\"elementor-element elementor-element-3d51a8d elementor-widget elementor-widget-text-editor\" data-id=\"3d51a8d\" data-element_type=\"widget\" data-e-type=\"widget\" data-widget_type=\"text-editor.default\">\n\t\t\t\t<div class=\"elementor-widget-container\">\n\t\t\t\t\t\t\t\t\t<h2>Hva menes med at skalaen er kremet?<\/h2><p>B\u00e5de Lundaman P2 og Classic er to hjullastervekter som kan kalibreres. En kalibrert vekt er en form for myndighetsgodkjent garanti for at vekten veier riktig. For en kalibrert hjullastervekt er det ikke nok \u00e5 bare kunne veie materialet som ligger i skuffen. Vekten m\u00e5 stilles inn slik at den registrerer om maskinen beveger seg, om den lener seg eller lignende.<br \/><br \/>At vekten er sertifisert, betyr at den er testet under ulike temperaturer, fuktighet, elektromagnetiske forstyrrelser og intensiv bruk for \u00e5 sikre at den oppfyller kravene i den internasjonale anbefalingen <strong>OIML R51.<\/strong><\/p>\t\t\t\t\t\t\t\t<\/div>\n\t\t\t\t<\/div>\n\t\t\t\t<div class=\"elementor-element elementor-element-8c9be50 elementor-align-left elementor-mobile-align-center elementor-widget elementor-widget-button\" data-id=\"8c9be50\" data-element_type=\"widget\" data-e-type=\"widget\" data-widget_type=\"button.default\">\n\t\t\t\t<div class=\"elementor-widget-container\">\n\t\t\t\t\t\t\t\t\t<div class=\"elementor-button-wrapper\">\n\t\t\t\t\t<a class=\"elementor-button elementor-button-link elementor-size-sm\" href=\"\/no\/kontakt\/\">\n\t\t\t\t\t\t<span class=\"elementor-button-content-wrapper\">\n\t\t\t\t\t\t\t\t\t<span class=\"elementor-button-text\">Kontakt oss<\/span>\n\t\t\t\t\t<\/span>\n\t\t\t\t\t<\/a>\n\t\t\t\t<\/div>\n\t\t\t\t\t\t\t\t<\/div>\n\t\t\t\t<\/div>\n\t\t\t\t\t<\/div>\n\t\t<\/div>\n\t\t\t\t<div class=\"elementor-column elementor-col-50 elementor-top-column elementor-element elementor-element-1178dd4\" data-id=\"1178dd4\" data-element_type=\"column\" data-e-type=\"column\">\n\t\t\t<div class=\"elementor-widget-wrap elementor-element-populated\">\n\t\t\t\t\t\t<div class=\"elementor-element elementor-element-074bef3 elementor-widget elementor-widget-image\" data-id=\"074bef3\" data-element_type=\"widget\" data-e-type=\"widget\" data-widget_type=\"image.default\">\n\t\t\t\t<div class=\"elementor-widget-container\">\n\t\t\t\t\t\t\t\t\t\t\t\t\t\t\t<img decoding=\"async\" width=\"625\" height=\"384\" src=\"https:\/\/lundaman.se\/wp-content\/uploads\/2023\/11\/kront-5b12b223ba.jpg\" class=\"attachment-large size-large wp-image-1786\" alt=\"kront 5b12b223ba\" srcset=\"https:\/\/lundaman.se\/wp-content\/uploads\/2023\/11\/kront-5b12b223ba.jpg 625w, https:\/\/lundaman.se\/wp-content\/uploads\/2023\/11\/kront-5b12b223ba-300x184.jpg 300w\" sizes=\"(max-width: 625px) 100vw, 625px\" title=\"\">\t\t\t\t\t\t\t\t\t\t\t\t\t\t\t<\/div>\n\t\t\t\t<\/div>\n\t\t\t\t\t<\/div>\n\t\t<\/div>\n\t\t\t\t\t<\/div>\n\t\t<\/section>\n\t\t\t\t<\/div>","protected":false},"excerpt":{"rendered":"<p>Kr\u00f6nt v\u00e5g Vad menas med att v\u00e5gen \u00e4r kr\u00f6nt? B\u00e5de Lundaman P2 och Classic \u00e4r tv\u00e5 kr\u00f6ningsbara hjullastarv\u00e5gar.\u00a0En kr\u00f6nt v\u00e5g \u00e4r en form av myndighetsgodk\u00e4nd garanti p\u00e5 att v\u00e5gen v\u00e4ger r\u00e4tt. F\u00f6r en kr\u00f6nt hjullastarv\u00e5g r\u00e4cker det inte att enbart kunna v\u00e4ga materialet som ligger i skopan. V\u00e5gen m\u00e5ste st\u00e4llas in s\u00e5 att den k\u00e4nner [&hellip;]<\/p>\n","protected":false},"author":2,"featured_media":0,"parent":0,"menu_order":0,"comment_status":"closed","ping_status":"closed","template":"","meta":{"site-sidebar-layout":"no-sidebar","site-content-layout":"page-builder","ast-site-content-layout":"full-width-container","site-content-style":"default","site-sidebar-style":"default","ast-global-header-display":"","ast-banner-title-visibility":"","ast-main-header-display":"","ast-hfb-above-header-display":"","ast-hfb-below-header-display":"","ast-hfb-mobile-header-display":"","site-post-title":"disabled","ast-breadcrumbs-content":"","ast-featured-img":"disabled","footer-sml-layout":"","theme-transparent-header-meta":"","adv-header-id-meta":"","stick-header-meta":"","header-above-stick-meta":"","header-main-stick-meta":"","header-below-stick-meta":"","astra-migrate-meta-layouts":"set","ast-page-background-enabled":"default","ast-page-background-meta":{"desktop":{"background-color":"var(--ast-global-color-4)","background-image":"","background-repeat":"repeat","background-position":"center center","background-size":"auto","background-attachment":"scroll","background-type":"","background-media":"","overlay-type":"","overlay-color":"","overlay-opacity":"","overlay-gradient":""},"tablet":{"background-color":"","background-image":"","background-repeat":"repeat","background-position":"center center","background-size":"auto","background-attachment":"scroll","background-type":"","background-media":"","overlay-type":"","overlay-color":"","overlay-opacity":"","overlay-gradient":""},"mobile":{"background-color":"","background-image":"","background-repeat":"repeat","background-position":"center center","background-size":"auto","background-attachment":"scroll","background-type":"","background-media":"","overlay-type":"","overlay-color":"","overlay-opacity":"","overlay-gradient":""}},"ast-content-background-meta":{"desktop":{"background-color":"var(--ast-global-color-5)","background-image":"","background-repeat":"repeat","background-position":"center center","background-size":"auto","background-attachment":"scroll","background-type":"","background-media":"","overlay-type":"","overlay-color":"","overlay-opacity":"","overlay-gradient":""},"tablet":{"background-color":"var(--ast-global-color-5)","background-image":"","background-repeat":"repeat","background-position":"center center","background-size":"auto","background-attachment":"scroll","background-type":"","background-media":"","overlay-type":"","overlay-color":"","overlay-opacity":"","overlay-gradient":""},"mobile":{"background-color":"var(--ast-global-color-5)","background-image":"","background-repeat":"repeat","background-position":"center center","background-size":"auto","background-attachment":"scroll","background-type":"","background-media":"","overlay-type":"","overlay-color":"","overlay-opacity":"","overlay-gradient":""}},"footnotes":""},"class_list":["post-1784","page","type-page","status-publish","hentry"],"_links":{"self":[{"href":"http:\/\/lundaman.se\/no\/wp-json\/wp\/v2\/pages\/1784","targetHints":{"allow":["GET"]}}],"collection":[{"href":"http:\/\/lundaman.se\/no\/wp-json\/wp\/v2\/pages"}],"about":[{"href":"http:\/\/lundaman.se\/no\/wp-json\/wp\/v2\/types\/page"}],"author":[{"embeddable":true,"href":"http:\/\/lundaman.se\/no\/wp-json\/wp\/v2\/users\/2"}],"replies":[{"embeddable":true,"href":"http:\/\/lundaman.se\/no\/wp-json\/wp\/v2\/comments?post=1784"}],"version-history":[{"count":25,"href":"http:\/\/lundaman.se\/no\/wp-json\/wp\/v2\/pages\/1784\/revisions"}],"predecessor-version":[{"id":4442,"href":"http:\/\/lundaman.se\/no\/wp-json\/wp\/v2\/pages\/1784\/revisions\/4442"}],"wp:attachment":[{"href":"http:\/\/lundaman.se\/no\/wp-json\/wp\/v2\/media?parent=1784"}],"curies":[{"name":"wp","href":"https:\/\/api.w.org\/{rel}","templated":true}]}}