{"id":1806,"date":"2023-11-21T12:51:51","date_gmt":"2023-11-21T12:51:51","guid":{"rendered":"https:\/\/lundaman.se\/?page_id=1806"},"modified":"2025-01-28T13:15:50","modified_gmt":"2025-01-28T13:15:50","slug":"startsparr","status":"publish","type":"page","link":"http:\/\/lundaman.se\/en\/startsparr\/","title":{"rendered":"Immobilizer"},"content":{"rendered":"<div data-elementor-type=\"wp-page\" data-elementor-id=\"1806\" class=\"elementor elementor-1806\" data-elementor-post-type=\"page\">\n\t\t\t\t\t\t<section class=\"elementor-section elementor-top-section elementor-element elementor-element-a1db3dd elementor-section-height-min-height elementor-section-boxed elementor-section-height-default elementor-section-items-middle\" data-id=\"a1db3dd\" data-element_type=\"section\" data-e-type=\"section\" data-settings=\"{&quot;background_background&quot;:&quot;classic&quot;}\">\n\t\t\t\t\t\t\t<div class=\"elementor-background-overlay\"><\/div>\n\t\t\t\t\t\t\t<div class=\"elementor-container elementor-column-gap-default\">\n\t\t\t\t\t<div class=\"elementor-column elementor-col-100 elementor-top-column elementor-element elementor-element-d0b7e2d\" data-id=\"d0b7e2d\" data-element_type=\"column\" data-e-type=\"column\">\n\t\t\t<div class=\"elementor-widget-wrap elementor-element-populated\">\n\t\t\t\t\t\t<div class=\"elementor-element elementor-element-f254f50 elementor-widget elementor-widget-heading\" data-id=\"f254f50\" data-element_type=\"widget\" data-e-type=\"widget\" data-widget_type=\"heading.default\">\n\t\t\t\t<div class=\"elementor-widget-container\">\n\t\t\t\t\t<h1 class=\"elementor-heading-title elementor-size-default\">Immobilizer for the wheel loader scale<\/h1>\t\t\t\t<\/div>\n\t\t\t\t<\/div>\n\t\t\t\t\t<\/div>\n\t\t<\/div>\n\t\t\t\t\t<\/div>\n\t\t<\/section>\n\t\t\t\t<section class=\"elementor-section elementor-top-section elementor-element elementor-element-84fa518 elementor-section-boxed elementor-section-height-default elementor-section-height-default\" data-id=\"84fa518\" data-element_type=\"section\" data-e-type=\"section\" data-settings=\"{&quot;background_background&quot;:&quot;classic&quot;}\">\n\t\t\t\t\t\t<div class=\"elementor-container elementor-column-gap-default\">\n\t\t\t\t\t<div class=\"elementor-column elementor-col-50 elementor-top-column elementor-element elementor-element-0ee2f47\" data-id=\"0ee2f47\" data-element_type=\"column\" data-e-type=\"column\">\n\t\t\t<div class=\"elementor-widget-wrap elementor-element-populated\">\n\t\t\t\t\t\t<div class=\"elementor-element elementor-element-7253f9f elementor-widget__width-initial elementor-widget elementor-widget-text-editor\" data-id=\"7253f9f\" data-element_type=\"widget\" data-e-type=\"widget\" data-widget_type=\"text-editor.default\">\n\t\t\t\t<div class=\"elementor-widget-container\">\n\t\t\t\t\t\t\t\t\t<h2>Wheel loader scale with immobilizer<\/h2>\n<p>For every extra bucket of material that the machine operator misses or forgets to account for, there is a costly loss of material for the construction company.&nbsp;<br>On an annual basis, the amounts involved are quite high. To overcome the problem, Lundaman Instrument launched an immobilizer on Lundaman P2. The function also makes it easier to check that working time regulations are complied with in accordance with the quarry permit.<\/p>\n<p>We also offer the GPS tracking function as an option, which gives you the opportunity to secure both machine and material.&nbsp;<br>With&nbsp;<a href=\"https:\/\/lundaman.se\/en\/gps-sparning\/\" target=\"_blank\">GPS tracking<\/a>&nbsp;you will also be able to check where the machine was and did its loading so that it matches the selected material on the transaction.&nbsp;<\/p>\t\t\t\t\t\t\t\t<\/div>\n\t\t\t\t<\/div>\n\t\t\t\t<div class=\"elementor-element elementor-element-d5e64b5 elementor-align-left elementor-mobile-align-center elementor-widget elementor-widget-button\" data-id=\"d5e64b5\" data-element_type=\"widget\" data-e-type=\"widget\" data-widget_type=\"button.default\">\n\t\t\t\t<div class=\"elementor-widget-container\">\n\t\t\t\t\t\t\t\t\t<div class=\"elementor-button-wrapper\">\n\t\t\t\t\t<a class=\"elementor-button elementor-button-link elementor-size-sm\" href=\"\/en\/kontakt\/\">\n\t\t\t\t\t\t<span class=\"elementor-button-content-wrapper\">\n\t\t\t\t\t\t\t\t\t<span class=\"elementor-button-text\">Contact us<\/span>\n\t\t\t\t\t<\/span>\n\t\t\t\t\t<\/a>\n\t\t\t\t<\/div>\n\t\t\t\t\t\t\t\t<\/div>\n\t\t\t\t<\/div>\n\t\t\t\t\t<\/div>\n\t\t<\/div>\n\t\t\t\t<div class=\"elementor-column elementor-col-50 elementor-top-column elementor-element elementor-element-ccb61ad\" data-id=\"ccb61ad\" data-element_type=\"column\" data-e-type=\"column\">\n\t\t\t<div class=\"elementor-widget-wrap elementor-element-populated\">\n\t\t\t\t\t\t<div class=\"elementor-element elementor-element-52b9535 elementor-widget elementor-widget-image\" data-id=\"52b9535\" data-element_type=\"widget\" data-e-type=\"widget\" data-widget_type=\"image.default\">\n\t\t\t\t<div class=\"elementor-widget-container\">\n\t\t\t\t\t\t\t\t\t\t\t\t\t\t\t<img decoding=\"async\" width=\"761\" height=\"778\" src=\"https:\/\/lundaman.se\/wp-content\/uploads\/2024\/01\/ljungbymaskin-med-lundaman-matni.webp\" class=\"attachment-large size-large wp-image-3749\" alt=\"ljungbymaskin med lundaman matni\" srcset=\"https:\/\/lundaman.se\/wp-content\/uploads\/2024\/01\/ljungbymaskin-med-lundaman-matni.webp 761w, https:\/\/lundaman.se\/wp-content\/uploads\/2024\/01\/ljungbymaskin-med-lundaman-matni-293x300.webp 293w, https:\/\/lundaman.se\/wp-content\/uploads\/2024\/01\/ljungbymaskin-med-lundaman-matni-12x12.webp 12w\" sizes=\"(max-width: 761px) 100vw, 761px\" title=\"\">\t\t\t\t\t\t\t\t\t\t\t\t\t\t\t<\/div>\n\t\t\t\t<\/div>\n\t\t\t\t\t<\/div>\n\t\t<\/div>\n\t\t\t\t\t<\/div>\n\t\t<\/section>\n\t\t\t\t<section class=\"elementor-section elementor-top-section elementor-element elementor-element-7db8d02 elementor-reverse-mobile elementor-section-boxed elementor-section-height-default elementor-section-height-default\" data-id=\"7db8d02\" data-element_type=\"section\" data-e-type=\"section\" data-settings=\"{&quot;background_background&quot;:&quot;classic&quot;}\">\n\t\t\t\t\t\t<div class=\"elementor-container elementor-column-gap-default\">\n\t\t\t\t\t<div class=\"elementor-column elementor-col-50 elementor-top-column elementor-element elementor-element-8347162\" data-id=\"8347162\" data-element_type=\"column\" data-e-type=\"column\">\n\t\t\t<div class=\"elementor-widget-wrap elementor-element-populated\">\n\t\t\t\t\t\t<div class=\"elementor-element elementor-element-4ea99aa elementor-widget elementor-widget-image\" data-id=\"4ea99aa\" data-element_type=\"widget\" data-e-type=\"widget\" data-widget_type=\"image.default\">\n\t\t\t\t<div class=\"elementor-widget-container\">\n\t\t\t\t\t\t\t\t\t\t\t\t\t\t\t\t<a href=\"https:\/\/lundaserver.lundaman.se\/\" target=\"_blank\">\n\t\t\t\t\t\t\t<img decoding=\"async\" width=\"1024\" height=\"1024\" src=\"https:\/\/lundaman.se\/wp-content\/uploads\/2023\/11\/Hjullastare-med-hjullastarvag-1024x1024.jpg\" class=\"attachment-large size-large wp-image-1416\" alt=\"Hjullastare med hjullastarvag\" srcset=\"https:\/\/lundaman.se\/wp-content\/uploads\/2023\/11\/Hjullastare-med-hjullastarvag-1024x1024.jpg 1024w, https:\/\/lundaman.se\/wp-content\/uploads\/2023\/11\/Hjullastare-med-hjullastarvag-300x300.jpg 300w, https:\/\/lundaman.se\/wp-content\/uploads\/2023\/11\/Hjullastare-med-hjullastarvag-150x150.jpg 150w, https:\/\/lundaman.se\/wp-content\/uploads\/2023\/11\/Hjullastare-med-hjullastarvag-768x768.jpg 768w, https:\/\/lundaman.se\/wp-content\/uploads\/2023\/11\/Hjullastare-med-hjullastarvag.jpg 1143w\" sizes=\"(max-width: 1024px) 100vw, 1024px\" title=\"\">\t\t\t\t\t\t\t\t<\/a>\n\t\t\t\t\t\t\t\t\t\t\t\t\t\t\t<\/div>\n\t\t\t\t<\/div>\n\t\t\t\t\t<\/div>\n\t\t<\/div>\n\t\t\t\t<div class=\"elementor-column elementor-col-50 elementor-top-column elementor-element elementor-element-8b4a36b\" data-id=\"8b4a36b\" data-element_type=\"column\" data-e-type=\"column\">\n\t\t\t<div class=\"elementor-widget-wrap elementor-element-populated\">\n\t\t\t\t\t\t<div class=\"elementor-element elementor-element-6c55fb6 elementor-widget elementor-widget-text-editor\" data-id=\"6c55fb6\" data-element_type=\"widget\" data-e-type=\"widget\" data-widget_type=\"text-editor.default\">\n\t\t\t\t<div class=\"elementor-widget-container\">\n\t\t\t\t\t\t\t\t\t<h2>Keep track of costs<\/h2>\n<p class=\"translation-block\">Det g\u00e4ller att h\u00e5lla koll p\u00e5 sina kostnader och f\u00f6lja myndigheternas f\u00f6reskrifter n\u00e4r det g\u00e4ller arbetstider. Med Lundaman Instruments nya startsp\u00e4rr blir detta m\u00f6jligt. Varje maskinf\u00f6rare f\u00e5r n\u00e4mligen en personlig kod till lastv\u00e5gen d\u00e4r startsp\u00e4rren sitter. Den registrerar alla lyft som respektive f\u00f6rare utf\u00f6r med hjullastaren. This information is then compared with the receipts and work orders submitted. The information also shows the times of day when the work was carried out. Sker arbetet i n\u00e4rliggande bostadsomr\u00e5den m\u00e5ste regelverket f\u00f6ljas om man vill undvika b\u00f6ter.<\/p>\n<p>Since each driver has a personal code, the contractor knows who to contact to correct any errors. It saves both a lot of time and money.<\/p>\t\t\t\t\t\t\t\t<\/div>\n\t\t\t\t<\/div>\n\t\t\t\t<div class=\"elementor-element elementor-element-91ead4e elementor-align-left elementor-mobile-align-center elementor-widget elementor-widget-button\" data-id=\"91ead4e\" data-element_type=\"widget\" data-e-type=\"widget\" data-widget_type=\"button.default\">\n\t\t\t\t<div class=\"elementor-widget-container\">\n\t\t\t\t\t\t\t\t\t<div class=\"elementor-button-wrapper\">\n\t\t\t\t\t<a class=\"elementor-button elementor-button-link elementor-size-sm\" href=\"\/en\/kontakt\/\">\n\t\t\t\t\t\t<span class=\"elementor-button-content-wrapper\">\n\t\t\t\t\t\t\t\t\t<span class=\"elementor-button-text\">Contact us<\/span>\n\t\t\t\t\t<\/span>\n\t\t\t\t\t<\/a>\n\t\t\t\t<\/div>\n\t\t\t\t\t\t\t\t<\/div>\n\t\t\t\t<\/div>\n\t\t\t\t\t<\/div>\n\t\t<\/div>\n\t\t\t\t\t<\/div>\n\t\t<\/section>\n\t\t\t\t<section class=\"elementor-section elementor-top-section elementor-element elementor-element-6d3bd6c elementor-section-boxed elementor-section-height-default elementor-section-height-default\" data-id=\"6d3bd6c\" data-element_type=\"section\" data-e-type=\"section\" data-settings=\"{&quot;background_background&quot;:&quot;classic&quot;}\">\n\t\t\t\t\t\t<div class=\"elementor-container elementor-column-gap-default\">\n\t\t\t\t\t<div class=\"elementor-column elementor-col-50 elementor-top-column elementor-element elementor-element-95f1059\" data-id=\"95f1059\" data-element_type=\"column\" data-e-type=\"column\">\n\t\t\t<div class=\"elementor-widget-wrap elementor-element-populated\">\n\t\t\t\t\t\t<div class=\"elementor-element elementor-element-69b95b2 elementor-widget elementor-widget-text-editor\" data-id=\"69b95b2\" data-element_type=\"widget\" data-e-type=\"widget\" data-widget_type=\"text-editor.default\">\n\t\t\t\t<div class=\"elementor-widget-container\">\n\t\t\t\t\t\t\t\t\t<h2>A simpler administrative everyday life<\/h2>\nIn addition to keeping track of load weight and working hours, the Lundaman Professional load scale also facilitates everyday administrative work. All stored information from the load scale is transferred in a transaction file to the office computer, wirelessly or via memory card. It then forms the basis for invoicing and reconciliation\t\t\t\t\t\t\t\t<\/div>\n\t\t\t\t<\/div>\n\t\t\t\t<div class=\"elementor-element elementor-element-cb45bc6 elementor-align-left elementor-mobile-align-center elementor-widget elementor-widget-button\" data-id=\"cb45bc6\" data-element_type=\"widget\" data-e-type=\"widget\" data-widget_type=\"button.default\">\n\t\t\t\t<div class=\"elementor-widget-container\">\n\t\t\t\t\t\t\t\t\t<div class=\"elementor-button-wrapper\">\n\t\t\t\t\t<a class=\"elementor-button elementor-button-link elementor-size-sm\" href=\"\/en\/kontakt\/\">\n\t\t\t\t\t\t<span class=\"elementor-button-content-wrapper\">\n\t\t\t\t\t\t\t\t\t<span class=\"elementor-button-text\">Contact us<\/span>\n\t\t\t\t\t<\/span>\n\t\t\t\t\t<\/a>\n\t\t\t\t<\/div>\n\t\t\t\t\t\t\t\t<\/div>\n\t\t\t\t<\/div>\n\t\t\t\t\t<\/div>\n\t\t<\/div>\n\t\t\t\t<div class=\"elementor-column elementor-col-50 elementor-top-column elementor-element elementor-element-0614a94\" data-id=\"0614a94\" data-element_type=\"column\" data-e-type=\"column\">\n\t\t\t<div class=\"elementor-widget-wrap elementor-element-populated\">\n\t\t\t\t\t\t<div class=\"elementor-element elementor-element-918d06b elementor-widget elementor-widget-image\" data-id=\"918d06b\" data-element_type=\"widget\" data-e-type=\"widget\" data-widget_type=\"image.default\">\n\t\t\t\t<div class=\"elementor-widget-container\">\n\t\t\t\t\t\t\t\t\t\t\t\t\t\t\t\t<a href=\"https:\/\/lundaserver.lundaman.se\/\" target=\"_blank\">\n\t\t\t\t\t\t\t<img decoding=\"async\" width=\"1024\" height=\"573\" src=\"https:\/\/lundaman.se\/wp-content\/uploads\/2023\/11\/Skarmavbild_2019-05-10_kl_181702-1024x573.png\" class=\"attachment-large size-large wp-image-1809\" alt=\"Skarmavbild 2019 05 10 kl 181702\" srcset=\"https:\/\/lundaman.se\/wp-content\/uploads\/2023\/11\/Skarmavbild_2019-05-10_kl_181702-1024x573.png 1024w, https:\/\/lundaman.se\/wp-content\/uploads\/2023\/11\/Skarmavbild_2019-05-10_kl_181702-300x168.png 300w, https:\/\/lundaman.se\/wp-content\/uploads\/2023\/11\/Skarmavbild_2019-05-10_kl_181702-768x430.png 768w, https:\/\/lundaman.se\/wp-content\/uploads\/2023\/11\/Skarmavbild_2019-05-10_kl_181702-1536x860.png 1536w, https:\/\/lundaman.se\/wp-content\/uploads\/2023\/11\/Skarmavbild_2019-05-10_kl_181702.png 1645w\" sizes=\"(max-width: 1024px) 100vw, 1024px\" title=\"\">\t\t\t\t\t\t\t\t<\/a>\n\t\t\t\t\t\t\t\t\t\t\t\t\t\t\t<\/div>\n\t\t\t\t<\/div>\n\t\t\t\t\t<\/div>\n\t\t<\/div>\n\t\t\t\t\t<\/div>\n\t\t<\/section>\n\t\t\t\t<\/div>","protected":false},"excerpt":{"rendered":"<p>Startsp\u00e4rr f\u00f6r hjullastarv\u00e5gen Hjullastarv\u00e5g med startsp\u00e4rr F\u00f6r varje extra skopa material som maskinf\u00f6raren missar eller gl\u00f6mmer att redovisa blir det ett kostsamt materialsvinn f\u00f6r entreprenadf\u00f6retaget.&nbsp;P\u00e5 \u00e5rsbasis handlar det om ganska h\u00f6ga belopp. F\u00f6r att f\u00e5 bukt med problemet lanserade Lundaman Instrument en startsp\u00e4rr p\u00e5 Lundaman P2. Funktionen underl\u00e4ttar ocks\u00e5 kontrollen s\u00e5 att arbetstidsf\u00f6reskrifterna f\u00f6ljs enligt [&hellip;]<\/p>\n","protected":false},"author":2,"featured_media":0,"parent":0,"menu_order":0,"comment_status":"closed","ping_status":"closed","template":"","meta":{"site-sidebar-layout":"no-sidebar","site-content-layout":"page-builder","ast-site-content-layout":"full-width-container","site-content-style":"default","site-sidebar-style":"default","ast-global-header-display":"","ast-banner-title-visibility":"","ast-main-header-display":"","ast-hfb-above-header-display":"","ast-hfb-below-header-display":"","ast-hfb-mobile-header-display":"","site-post-title":"disabled","ast-breadcrumbs-content":"","ast-featured-img":"disabled","footer-sml-layout":"","theme-transparent-header-meta":"","adv-header-id-meta":"","stick-header-meta":"","header-above-stick-meta":"","header-main-stick-meta":"","header-below-stick-meta":"","astra-migrate-meta-layouts":"set","ast-page-background-enabled":"default","ast-page-background-meta":{"desktop":{"background-color":"var(--ast-global-color-4)","background-image":"","background-repeat":"repeat","background-position":"center center","background-size":"auto","background-attachment":"scroll","background-type":"","background-media":"","overlay-type":"","overlay-color":"","overlay-opacity":"","overlay-gradient":""},"tablet":{"background-color":"","background-image":"","background-repeat":"repeat","background-position":"center center","background-size":"auto","background-attachment":"scroll","background-type":"","background-media":"","overlay-type":"","overlay-color":"","overlay-opacity":"","overlay-gradient":""},"mobile":{"background-color":"","background-image":"","background-repeat":"repeat","background-position":"center center","background-size":"auto","background-attachment":"scroll","background-type":"","background-media":"","overlay-type":"","overlay-color":"","overlay-opacity":"","overlay-gradient":""}},"ast-content-background-meta":{"desktop":{"background-color":"var(--ast-global-color-5)","background-image":"","background-repeat":"repeat","background-position":"center center","background-size":"auto","background-attachment":"scroll","background-type":"","background-media":"","overlay-type":"","overlay-color":"","overlay-opacity":"","overlay-gradient":""},"tablet":{"background-color":"var(--ast-global-color-5)","background-image":"","background-repeat":"repeat","background-position":"center center","background-size":"auto","background-attachment":"scroll","background-type":"","background-media":"","overlay-type":"","overlay-color":"","overlay-opacity":"","overlay-gradient":""},"mobile":{"background-color":"var(--ast-global-color-5)","background-image":"","background-repeat":"repeat","background-position":"center center","background-size":"auto","background-attachment":"scroll","background-type":"","background-media":"","overlay-type":"","overlay-color":"","overlay-opacity":"","overlay-gradient":""}},"footnotes":""},"class_list":["post-1806","page","type-page","status-publish","hentry"],"_links":{"self":[{"href":"http:\/\/lundaman.se\/en\/wp-json\/wp\/v2\/pages\/1806","targetHints":{"allow":["GET"]}}],"collection":[{"href":"http:\/\/lundaman.se\/en\/wp-json\/wp\/v2\/pages"}],"about":[{"href":"http:\/\/lundaman.se\/en\/wp-json\/wp\/v2\/types\/page"}],"author":[{"embeddable":true,"href":"http:\/\/lundaman.se\/en\/wp-json\/wp\/v2\/users\/2"}],"replies":[{"embeddable":true,"href":"http:\/\/lundaman.se\/en\/wp-json\/wp\/v2\/comments?post=1806"}],"version-history":[{"count":29,"href":"http:\/\/lundaman.se\/en\/wp-json\/wp\/v2\/pages\/1806\/revisions"}],"predecessor-version":[{"id":4443,"href":"http:\/\/lundaman.se\/en\/wp-json\/wp\/v2\/pages\/1806\/revisions\/4443"}],"wp:attachment":[{"href":"http:\/\/lundaman.se\/en\/wp-json\/wp\/v2\/media?parent=1806"}],"curies":[{"name":"wp","href":"https:\/\/api.w.org\/{rel}","templated":true}]}}