{"id":1732,"date":"2023-11-21T10:50:22","date_gmt":"2023-11-21T10:50:22","guid":{"rendered":"https:\/\/lundaman.se\/?page_id=1732"},"modified":"2024-08-09T11:35:01","modified_gmt":"2024-08-09T11:35:01","slug":"integritetspolicy","status":"publish","type":"page","link":"http:\/\/lundaman.se\/en\/integritetspolicy\/","title":{"rendered":"Privacy policy"},"content":{"rendered":"\t\t<div data-elementor-type=\"wp-page\" data-elementor-id=\"1732\" class=\"elementor elementor-1732\" data-elementor-post-type=\"page\">\n\t\t\t\t\t\t<section class=\"elementor-section elementor-top-section elementor-element elementor-element-a17daa3 elementor-section-height-min-height elementor-section-boxed elementor-section-height-default elementor-section-items-middle\" data-id=\"a17daa3\" data-element_type=\"section\" data-e-type=\"section\" data-settings=\"{&quot;background_background&quot;:&quot;classic&quot;}\">\n\t\t\t\t\t\t\t<div class=\"elementor-background-overlay\"><\/div>\n\t\t\t\t\t\t\t<div class=\"elementor-container elementor-column-gap-default\">\n\t\t\t\t\t<div class=\"elementor-column elementor-col-100 elementor-top-column elementor-element elementor-element-b01fe08\" data-id=\"b01fe08\" data-element_type=\"column\" data-e-type=\"column\">\n\t\t\t<div class=\"elementor-widget-wrap elementor-element-populated\">\n\t\t\t\t\t\t<div class=\"elementor-element elementor-element-8fd4153 elementor-widget elementor-widget-heading\" data-id=\"8fd4153\" data-element_type=\"widget\" data-e-type=\"widget\" data-widget_type=\"heading.default\">\n\t\t\t\t<div class=\"elementor-widget-container\">\n\t\t\t\t\t<h1 class=\"elementor-heading-title elementor-size-default\">Integritetspolicy<\/h1>\t\t\t\t<\/div>\n\t\t\t\t<\/div>\n\t\t\t\t\t<\/div>\n\t\t<\/div>\n\t\t\t\t\t<\/div>\n\t\t<\/section>\n\t\t\t\t<section class=\"elementor-section elementor-top-section elementor-element elementor-element-43b1a8e elementor-section-boxed elementor-section-height-default elementor-section-height-default\" data-id=\"43b1a8e\" data-element_type=\"section\" data-e-type=\"section\" data-settings=\"{&quot;background_background&quot;:&quot;classic&quot;}\">\n\t\t\t\t\t\t<div class=\"elementor-container elementor-column-gap-default\">\n\t\t\t\t\t<div class=\"elementor-column elementor-col-50 elementor-top-column elementor-element elementor-element-c602d28\" data-id=\"c602d28\" data-element_type=\"column\" data-e-type=\"column\">\n\t\t\t<div class=\"elementor-widget-wrap elementor-element-populated\">\n\t\t\t\t\t\t<div class=\"elementor-element elementor-element-b9ab607 elementor-widget elementor-widget-text-editor\" data-id=\"b9ab607\" data-element_type=\"widget\" data-e-type=\"widget\" data-widget_type=\"text-editor.default\">\n\t\t\t\t<div class=\"elementor-widget-container\">\n\t\t\t\t\t\t\t\t\t<h3>Lundamans integritetspolicy<\/h3>\n<p>Lundaman Instrument v\u00e4rnar om din personliga integritet. Vi str\u00e4var d\u00e4rf\u00f6r efter att alltid skydda dina personuppgifter p\u00e5 b\u00e4sta s\u00e4tt och f\u00f6lja alla vid var tid g\u00e4llande lagar och regler avseende dataskydd och skydd f\u00f6r individers integritet. Genom denna integritetspolicy vill vi informera dig om hur dina personuppgifter behandlas av Lundaman Instrument.<\/p>\n<h3>Allm\u00e4nt<\/h3>\n<p>Lundaman Instrument (nedan n\u00e4mnt som \u201dvi\u201d\/\u201doss\u201d) org.nr 556913-9768, med adress Grimsbygatan 24, 211 20 Malm\u00f6, telefonnummer 046-291560 \u00e4r ansvarig f\u00f6r behandlingen av dina personuppgifter (personuppgiftsansvarig).<br>Denna policy g\u00e4ller f\u00f6r alla uppgifter som samlas in av Lundaman om dig som kund, anv\u00e4ndare eller intressent.<\/p>\n<h3>Vilka personuppgifter behandlar vi?<\/h3>\n<p>Vi behandlar inga k\u00e4nsliga personuppgifter om dig. De personuppgifter som vi behandlar om dig \u00e4r de uppgifter som du har l\u00e4mnat till oss eller som vi samlar in fr\u00e5n en tredje part (s\u00e5som chef, arbetsledare eller kollega). Personuppgifter som du har l\u00e4mnat till oss kan vara till exempel ditt namn och dina kontakt- och adressuppgifter.<\/p>\n<p>F\u00f6r vilka \u00e4ndam\u00e5l behandlar vi dina personuppgifter?<\/p>\n<p>All insamling och behandling av personuppgifter sker i syfte att administrera och fullg\u00f6ra v\u00e5ra \u00e5taganden gentemot dig, f\u00f6rb\u00e4ttra v\u00e5ra erbjudanden och tj\u00e4nster samt f\u00f6lja till\u00e4mplig lagstiftning och myndighetsbeslut. Vi kommer att behandla dina personuppgifter f\u00f6r att kunna administrera f\u00f6rs\u00e4ljning, marknadsf\u00f6ring, leverans eller support.<\/p>\n<h3>Marknadsf\u00f6rings\u00e4ndam\u00e5l m.m.<\/h3>\n<p>Vi vill g\u00e4rna att du forts\u00e4tter vara kund hos oss och f\u00f6r att du ska f\u00e5 ta del av v\u00e5ra erbjudanden och information om oss kan vi under en begr\u00e4nsad period komma att behandla din e-mailadress, adress och ditt mobiltelefonnummer f\u00f6r att skicka v\u00e5ra nyhetsbrev och andra utskick till dig via e-mail, post och sms. Den r\u00e4ttsliga grunden f\u00f6r v\u00e5r behandling av dessa personuppgifter i syfte att skicka ut nyhetsbrev \u00e4r v\u00e5rt ber\u00e4ttigade intresse av att kommunicera med dig som kund i marknadsf\u00f6ringssyfte. Om du har l\u00e4mnat ditt samtycke till detta, t.ex. i samband med att du registrerat en intresseanm\u00e4lan, kommer din e-mailadress, adress och ditt mobiltelefonnummer \u00e4ven komma att anv\u00e4ndas f\u00f6r direktmarknadsf\u00f6ring, nyhetsbrev, kundunders\u00f6kningar och\/eller f\u00f6r statistik\u00e4ndam\u00e5l och kan anv\u00e4ndas f\u00f6r utskick per post, e-post och sms till dig fram till dess att du \u00e5terkallar ditt samtycke. Den lagliga grunden f\u00f6r behandlingen \u00e4r i s\u00e5dant fall allts\u00e5 ditt samtycke.<\/p>\n<h3>Vilka kan f\u00e5 tillg\u00e5ng till dina personuppgifter?<\/h3>\n<p>Dina uppgifter behandlas som utg\u00e5ngspunkt endast av Lundaman Instrument. Vi kan \u00e4ven komma att dela din information med v\u00e5ra utvalda samarbetspartners och leverant\u00f6rer i enlighet med nedan.<\/p>\n<p>F\u00f6r att det du har k\u00f6pt\/best\u00e4llt ska kunna levereras hem till dig delar vi dina kontaktuppgifter med transportf\u00f6retag f\u00f6r eventuell transport av din best\u00e4llning.<br>V\u00e5ra externa leverant\u00f6rer som vi anlitar kan komma att f\u00e5 tillg\u00e5ng till personuppgifter vi hanterar om dig, dock endast i den utstr\u00e4ckning det \u00e4r n\u00f6dv\u00e4ndigt i syfte att fullg\u00f6ra sina \u00e5taganden i relation till Lundaman Instrument.<\/p>\n<h3>Hur l\u00e4nge sparar vi dina personuppgifter?<\/h3>\n<p>Personuppgifter som vi behandlar i syfte att administrera f\u00f6rs\u00e4ljning eller f\u00f6r att annars fullg\u00f6ra v\u00e5ra skyldigheter som vi har gentemot dig enligt avtal sparas inte under en l\u00e4ngre tid \u00e4n vad som \u00e4r n\u00f6dv\u00e4ndigt f\u00f6r att vi ska kunna administrera f\u00f6rs\u00e4ljningen eller annars fullg\u00f6ra v\u00e5rt avtal.<\/p>\n<p>F\u00f6r bokf\u00f6rings\u00e4ndam\u00e5l sparar vi i enlighet med g\u00e4llande bokf\u00f6ringslagstiftning information om v\u00e5rt avtal med dig i sju \u00e5r.<\/p>\n<p>I enlighet med g\u00e4llande lagstiftning har vi r\u00e4tt att lagra dina kontaktuppgifter f\u00f6r direktmarknadsf\u00f6ring under en tid efter ditt k\u00f6p eller att v\u00e5rt avtal l\u00f6pt ut. Beroende p\u00e5 vad avtalet r\u00f6r \u00e4r denna tid olika l\u00e5ng. Vi kan d\u00e4rf\u00f6r komma att lagra dina kontaktuppgifter f\u00f6r att skicka direktmarknadsf\u00f6ring till dig under den tid vi har r\u00e4tt att g\u00f6ra s\u00e5 enligt g\u00e4llande dataskyddslagstiftning, marknadsf\u00f6ringslag och praxis.<\/p>\n<p>Om du s\u00e4rskilt l\u00e4mnat ditt samtycke till att f\u00e5 direktmarknadsf\u00f6ring kommer vi att spara personuppgifter best\u00e5ende av din e-mailadress, adress och mobiltelefonnummer f\u00f6r marknadsf\u00f6rings\u00e4ndam\u00e5l tills du ber oss sluta kontakta dig.<\/p>\n<p>Dina personuppgifter kan sparas l\u00e4ngre \u00e4n vad som angetts ovan i den m\u00e5n vi \u00e4r skyldiga att g\u00f6ra det enligt lag, f\u00f6rordning eller myndighetsbeslut.<\/p>\n<h3>Dina r\u00e4ttigheter<\/h3>\n<p>Du har r\u00e4tt att n\u00e4r som helst beg\u00e4ra information om vilka personuppgifter vi har sparat om dig. Din beg\u00e4ran ska vara skriftlig och egenh\u00e4ndigt undertecknad samt inneh\u00e5lla uppgift om namn, telefonnummer och skickas fr\u00e5n en registrerad mailadress. Detta beh\u00f6ver vi f\u00f6r att s\u00e4kerst\u00e4lla att vi l\u00e4mnar ut uppgifterna till r\u00e4tt person.<\/p>\n<p>Skicka din beg\u00e4ran om registerutdrag, information eller r\u00e4ttning av felaktiga uppgifter till: info@lundaman.se. Informationen kommer att s\u00e4ndas till din registrerade mailadress.<\/p>\n<p>Om dina uppgifter hos Lundaman Instrument \u00e4r felaktiga, ofullst\u00e4ndiga eller irrelevanta, kan du beg\u00e4ra att f\u00e5 dem r\u00e4ttade. Vi kan inte radera uppgifter som utg\u00f6r allm\u00e4nna handlingar eller d\u00e5 det f\u00f6religger ett lagstadgat krav p\u00e5 lagring, som exempelvis bokf\u00f6ringsregler. Vi kan heller inte radera uppgifter n\u00e4r det finns legitima sk\u00e4l till varf\u00f6r uppgifterna m\u00e5ste sparas, till exempel obetalda skulder.<\/p>\n<p>Du har, under vissa omst\u00e4ndigheter, r\u00e4tt att f\u00e5 tillg\u00e5ng till dina personuppgifter i ett allm\u00e4nt anv\u00e4nt, maskinl\u00e4sbart format (dataportabilitet). Denna r\u00e4tt g\u00e4ller dock bara uppgifter du sj\u00e4lv har tillhandah\u00e5llit oss och om de behandlas f\u00f6r att fullg\u00f6ra ett avtal med dig eller med st\u00f6d av samtycke.<\/p>\n<p>Du har r\u00e4tt att n\u00e4r som helst \u00e5terkalla hela eller del av ett l\u00e4mnat samtycke om behandling av personuppgifter. \u00c5terkallelsen av ditt samtycke f\u00e5r dock ingen effekt p\u00e5 v\u00e5r behandling av dina personuppgifter f\u00f6r tiden innan \u00e5terkallelsen \u00e4gde rum. Du har ocks\u00e5 r\u00e4tt att n\u00e4r som helst inv\u00e4nda mot behandlingen av dina personuppgifter f\u00f6r direktmarknadsf\u00f6ring.<\/p>\n<p>I enlighet med g\u00e4llande dataskyddslagstiftning har du r\u00e4tt att f\u00e5 tillg\u00e5ng till information om vilka personuppgifter som vi behandlar om dig samt r\u00e4tt att beg\u00e4ra r\u00e4ttelse av dina personuppgifter.<\/p>\n<p>\u00d6verf\u00f6ring till tredje land<\/p>\n<p>Lundaman Instrument \u00f6verf\u00f6r inga personuppgifter till l\u00e4nder utanf\u00f6r EU. Eventuell molnlagring av personuppgifter sker i enlighet med GDPR.<\/p>\n<h3>Cookie-policy<\/h3>\n<p>P\u00e5 denna webbplats www.lundaman.se anv\u00e4nds cookies.<\/p>\n<p>Om du inte accepterar anv\u00e4ndandet av cookies kan du st\u00e4nga av cookies i din webbl\u00e4sares s\u00e4kerhetsinst\u00e4llningar. Du kan \u00e4ven st\u00e4lla in webbl\u00e4saren s\u00e5 att du f\u00e5r en varning varje g\u00e5ng webbplatsen f\u00f6rs\u00f6ker placera en cookie p\u00e5 din dator.<\/p>\n<p>Cookies \u00e4r sm\u00e5 textfiler som lagras p\u00e5 bes\u00f6karens dator. Cookies anv\u00e4nds normalt f\u00f6r att f\u00f6rb\u00e4ttra webbplatsen f\u00f6r anv\u00e4ndaren, till exempel f\u00f6r att kunna anpassa en webbplats efter bes\u00f6karens \u00f6nskem\u00e5l, val och intressen.<\/p>\n<p>Ingen personlig information som namn sparas automatiskt om bes\u00f6karen. Personlig information som bes\u00f6karen sj\u00e4lv registrerar, sparas i syfte att optimera anv\u00e4ndarupplevelsen och f\u00f6r att Lundaman Instrument ska kunna anpassa kommunikationen efter varje anv\u00e4ndares unika intressen. Vi delar inte med oss av information till tredje part.<\/p>\n<h4>Det finns tv\u00e5 typer:<\/h4>\n<p>\u2022 En permanent cookie ligger kvar p\u00e5 bes\u00f6karens dator under en best\u00e4md tid.<\/p>\n<p>\u2022 En sessionscookie lagras tillf\u00e4lligt i datorns minne under tiden en bes\u00f6kare \u00e4r inne p\u00e5 en webbsida. Sessioncookies f\u00f6rsvinner n\u00e4r du st\u00e4nger din webbl\u00e4sare.<\/p>\n<p>Alla som bes\u00f6ker en webbplats som anv\u00e4nder cookies ska f\u00e5 information om att webbplatsen inneh\u00e5ller cookies, vad dessa cookies anv\u00e4nds till och hur cookies kan undvikas, enligt lagen om elektronisk kommunikation, som tr\u00e4dde i kraft den 25 juli 2003 (SFS 2003:389).<\/p>\n<p>Dessa Villkor har fastst\u00e4llts av Lundaman Instrument 2018-05-24<\/p>\t\t\t\t\t\t\t\t<\/div>\n\t\t\t\t<\/div>\n\t\t\t\t<div class=\"elementor-element elementor-element-d5ee875 elementor-align-left elementor-mobile-align-center elementor-widget elementor-widget-button\" data-id=\"d5ee875\" data-element_type=\"widget\" data-e-type=\"widget\" data-widget_type=\"button.default\">\n\t\t\t\t<div class=\"elementor-widget-container\">\n\t\t\t\t\t\t\t\t\t<div class=\"elementor-button-wrapper\">\n\t\t\t\t\t<a class=\"elementor-button elementor-button-link elementor-size-sm\" href=\"\/kontakt\">\n\t\t\t\t\t\t<span class=\"elementor-button-content-wrapper\">\n\t\t\t\t\t\t\t\t\t<span class=\"elementor-button-text\">Kontakta oss<\/span>\n\t\t\t\t\t<\/span>\n\t\t\t\t\t<\/a>\n\t\t\t\t<\/div>\n\t\t\t\t\t\t\t\t<\/div>\n\t\t\t\t<\/div>\n\t\t\t\t\t<\/div>\n\t\t<\/div>\n\t\t\t\t<div class=\"elementor-column elementor-col-50 elementor-top-column elementor-element elementor-element-b64e5db\" data-id=\"b64e5db\" data-element_type=\"column\" data-e-type=\"column\">\n\t\t\t<div class=\"elementor-widget-wrap elementor-element-populated\">\n\t\t\t\t\t\t<section class=\"elementor-section elementor-inner-section elementor-element elementor-element-1badf45 elementor-section-boxed elementor-section-height-default elementor-section-height-default\" data-id=\"1badf45\" data-element_type=\"section\" data-e-type=\"section\" data-settings=\"{&quot;sticky&quot;:&quot;top&quot;,&quot;sticky_offset&quot;:120,&quot;sticky_parent&quot;:&quot;yes&quot;,&quot;sticky_on&quot;:[&quot;desktop&quot;,&quot;laptop&quot;,&quot;tablet&quot;,&quot;mobile&quot;],&quot;sticky_effects_offset&quot;:0,&quot;sticky_anchor_link_offset&quot;:0}\">\n\t\t\t\t\t\t<div class=\"elementor-container elementor-column-gap-default\">\n\t\t\t\t\t<div class=\"elementor-column elementor-col-100 elementor-inner-column elementor-element elementor-element-65b7194\" data-id=\"65b7194\" data-element_type=\"column\" data-e-type=\"column\">\n\t\t\t<div class=\"elementor-widget-wrap elementor-element-populated\">\n\t\t\t\t\t\t<div class=\"elementor-element elementor-element-f5b0212 elementor-widget elementor-widget-image\" data-id=\"f5b0212\" data-element_type=\"widget\" data-e-type=\"widget\" data-widget_type=\"image.default\">\n\t\t\t\t<div class=\"elementor-widget-container\">\n\t\t\t\t\t\t\t\t\t\t\t\t\t\t\t<img decoding=\"async\" width=\"1000\" height=\"1000\" src=\"https:\/\/lundaman.se\/wp-content\/uploads\/2023\/11\/1111.jpg\" class=\"attachment-large size-large wp-image-1354\" alt=\"1111\" srcset=\"https:\/\/lundaman.se\/wp-content\/uploads\/2023\/11\/1111.jpg 1000w, https:\/\/lundaman.se\/wp-content\/uploads\/2023\/11\/1111-300x300.jpg 300w, https:\/\/lundaman.se\/wp-content\/uploads\/2023\/11\/1111-150x150.jpg 150w, https:\/\/lundaman.se\/wp-content\/uploads\/2023\/11\/1111-768x768.jpg 768w\" sizes=\"(max-width: 1000px) 100vw, 1000px\" title=\"\">\t\t\t\t\t\t\t\t\t\t\t\t\t\t\t<\/div>\n\t\t\t\t<\/div>\n\t\t\t\t\t<\/div>\n\t\t<\/div>\n\t\t\t\t\t<\/div>\n\t\t<\/section>\n\t\t\t\t\t<\/div>\n\t\t<\/div>\n\t\t\t\t\t<\/div>\n\t\t<\/section>\n\t\t\t\t<\/div>\n\t\t","protected":false},"excerpt":{"rendered":"<p>Integritetspolicy Lundamans integritetspolicy Lundaman Instrument v\u00e4rnar om din personliga integritet. Vi str\u00e4var d\u00e4rf\u00f6r efter att alltid skydda dina personuppgifter p\u00e5 b\u00e4sta s\u00e4tt och f\u00f6lja alla vid var tid g\u00e4llande lagar och regler avseende dataskydd och skydd f\u00f6r individers integritet. Genom denna integritetspolicy vill vi informera dig om hur dina personuppgifter behandlas av Lundaman Instrument. Allm\u00e4nt [&hellip;]<\/p>\n","protected":false},"author":2,"featured_media":0,"parent":0,"menu_order":0,"comment_status":"closed","ping_status":"closed","template":"","meta":{"site-sidebar-layout":"no-sidebar","site-content-layout":"page-builder","ast-site-content-layout":"full-width-container","site-content-style":"default","site-sidebar-style":"default","ast-global-header-display":"","ast-banner-title-visibility":"","ast-main-header-display":"","ast-hfb-above-header-display":"","ast-hfb-below-header-display":"","ast-hfb-mobile-header-display":"","site-post-title":"disabled","ast-breadcrumbs-content":"","ast-featured-img":"disabled","footer-sml-layout":"","theme-transparent-header-meta":"","adv-header-id-meta":"","stick-header-meta":"","header-above-stick-meta":"","header-main-stick-meta":"","header-below-stick-meta":"","astra-migrate-meta-layouts":"set","ast-page-background-enabled":"default","ast-page-background-meta":{"desktop":{"background-color":"var(--ast-global-color-4)","background-image":"","background-repeat":"repeat","background-position":"center center","background-size":"auto","background-attachment":"scroll","background-type":"","background-media":"","overlay-type":"","overlay-color":"","overlay-opacity":"","overlay-gradient":""},"tablet":{"background-color":"","background-image":"","background-repeat":"repeat","background-position":"center center","background-size":"auto","background-attachment":"scroll","background-type":"","background-media":"","overlay-type":"","overlay-color":"","overlay-opacity":"","overlay-gradient":""},"mobile":{"background-color":"","background-image":"","background-repeat":"repeat","background-position":"center center","background-size":"auto","background-attachment":"scroll","background-type":"","background-media":"","overlay-type":"","overlay-color":"","overlay-opacity":"","overlay-gradient":""}},"ast-content-background-meta":{"desktop":{"background-color":"var(--ast-global-color-5)","background-image":"","background-repeat":"repeat","background-position":"center center","background-size":"auto","background-attachment":"scroll","background-type":"","background-media":"","overlay-type":"","overlay-color":"","overlay-opacity":"","overlay-gradient":""},"tablet":{"background-color":"var(--ast-global-color-5)","background-image":"","background-repeat":"repeat","background-position":"center center","background-size":"auto","background-attachment":"scroll","background-type":"","background-media":"","overlay-type":"","overlay-color":"","overlay-opacity":"","overlay-gradient":""},"mobile":{"background-color":"var(--ast-global-color-5)","background-image":"","background-repeat":"repeat","background-position":"center center","background-size":"auto","background-attachment":"scroll","background-type":"","background-media":"","overlay-type":"","overlay-color":"","overlay-opacity":"","overlay-gradient":""}},"footnotes":""},"class_list":["post-1732","page","type-page","status-publish","hentry"],"_links":{"self":[{"href":"http:\/\/lundaman.se\/en\/wp-json\/wp\/v2\/pages\/1732","targetHints":{"allow":["GET"]}}],"collection":[{"href":"http:\/\/lundaman.se\/en\/wp-json\/wp\/v2\/pages"}],"about":[{"href":"http:\/\/lundaman.se\/en\/wp-json\/wp\/v2\/types\/page"}],"author":[{"embeddable":true,"href":"http:\/\/lundaman.se\/en\/wp-json\/wp\/v2\/users\/2"}],"replies":[{"embeddable":true,"href":"http:\/\/lundaman.se\/en\/wp-json\/wp\/v2\/comments?post=1732"}],"version-history":[{"count":25,"href":"http:\/\/lundaman.se\/en\/wp-json\/wp\/v2\/pages\/1732\/revisions"}],"predecessor-version":[{"id":3171,"href":"http:\/\/lundaman.se\/en\/wp-json\/wp\/v2\/pages\/1732\/revisions\/3171"}],"wp:attachment":[{"href":"http:\/\/lundaman.se\/en\/wp-json\/wp\/v2\/media?parent=1732"}],"curies":[{"name":"wp","href":"https:\/\/api.w.org\/{rel}","templated":true}]}}